{"id":396,"date":"2011-04-07T20:15:47","date_gmt":"2011-04-07T20:15:47","guid":{"rendered":"https:\/\/www.museedelhistoire.ca\/musee-virtuel-de-la-nouvelle-france\/"},"modified":"2012-06-01T16:13:54","modified_gmt":"2012-06-01T20:13:54","slug":"administration-et-lieux-de-pouvoir","status":"publish","type":"page","link":"https:\/\/www.museedelhistoire.ca\/musee-virtuel-de-la-nouvelle-france\/colonies-et-empires\/administration-et-lieux-de-pouvoir\/","title":{"rendered":"Administration et lieux de pouvoir"},"content":{"rendered":"<div id=\"attachment_2048\" class=\"wp-caption alignright\" style=\"width:225px\"><a class=\"popup-gallery-opener group-2_9\" href=\"https:\/\/www.museedelhistoire.ca\/musee-virtuel-de-la-nouvelle-france\/files\/2011\/04\/Nouvelle-France_2_9_Armoiries-royales-de-France.jpg\" data-title=\"<strong>Armoiries royales de France, vers 1727<\/strong><br \/>Command\u00e9e en 1727 par l\u2019ing\u00e9nieur royal Gaspard-Joseph Chaussegros de L\u00e9ry et ex\u00e9cut\u00e9e par le ma\u00eetre sculpteur No\u00ebl Levasseur, cette cartouche de bois peint repr\u00e9sentant les armoiries royales de France orna une des portes de la ville de Qu\u00e9bec jusqu\u2019en 1759.<div class='credit'> MCG 19940024-001 \u00a9 Mus\u00e9e canadien de la guerre <\/div>\"><img loading=\"lazy\" decoding=\"async\" class=\"size-medium wp-image-2048\" src=\"https:\/\/www.museedelhistoire.ca\/musee-virtuel-de-la-nouvelle-france\/files\/2011\/04\/Nouvelle-France_2_9_Armoiries-royales-de-France-225x269.jpg\" alt=\"Armoiries royales de France, vers 1727\" width=\"225\" height=\"269\" srcset=\"https:\/\/www.museedelhistoire.ca\/musee-virtuel-de-la-nouvelle-france\/files\/2011\/04\/Nouvelle-France_2_9_Armoiries-royales-de-France-225x269.jpg 225w, https:\/\/www.museedelhistoire.ca\/musee-virtuel-de-la-nouvelle-france\/files\/2011\/04\/Nouvelle-France_2_9_Armoiries-royales-de-France-125x150.jpg 125w, https:\/\/www.museedelhistoire.ca\/musee-virtuel-de-la-nouvelle-france\/files\/2011\/04\/Nouvelle-France_2_9_Armoiries-royales-de-France-417x500.jpg 417w, https:\/\/www.museedelhistoire.ca\/musee-virtuel-de-la-nouvelle-france\/files\/2011\/04\/Nouvelle-France_2_9_Armoiries-royales-de-France-62x74.jpg 62w, https:\/\/www.museedelhistoire.ca\/musee-virtuel-de-la-nouvelle-france\/files\/2011\/04\/Nouvelle-France_2_9_Armoiries-royales-de-France-106x126.jpg 106w, https:\/\/www.museedelhistoire.ca\/musee-virtuel-de-la-nouvelle-france\/files\/2011\/04\/Nouvelle-France_2_9_Armoiries-royales-de-France-490x586.jpg 490w, https:\/\/www.museedelhistoire.ca\/musee-virtuel-de-la-nouvelle-france\/files\/2011\/04\/Nouvelle-France_2_9_Armoiries-royales-de-France-195x233.jpg 195w, https:\/\/www.museedelhistoire.ca\/musee-virtuel-de-la-nouvelle-france\/files\/2011\/04\/Nouvelle-France_2_9_Armoiries-royales-de-France-132x158.jpg 132w, https:\/\/www.museedelhistoire.ca\/musee-virtuel-de-la-nouvelle-france\/files\/2011\/04\/Nouvelle-France_2_9_Armoiries-royales-de-France.jpg 501w\" sizes=\"(max-width: 225px) 100vw, 225px\" \/><\/a><p class=\"wp-caption-text\"><span>Armoiries royales de France, vers 1727<\/span><\/p><\/div>\n<p>En Nouvelle-France, tout comme dans la France de l\u2019Ancien R\u00e9gime, le pouvoir souverain n\u2019appartient pas au peuple, mais au monarque. Depuis Paris et depuis leurs ch\u00e2teaux de campagne, les rois de France et leur entourage s\u2019int\u00e9ressent, selon le cas, plus ou moins de pr\u00e8s aux colonies. Au d\u00e9but, ils en d\u00e9l\u00e8guent tout simplement l\u2019administration \u00e0 des compagnies de commerce. Toutefois, pendant le dernier tiers du XVII<sup>e<\/sup> si\u00e8cle, la couronne se saisit de l\u2019administration coloniale et s\u2019assure de donner rigueur et stabilit\u00e9 \u00e0 ses structures.<\/p>\n<p>Dor\u00e9navant, les diverses colonies rel\u00e8vent du ministre de la Marine et de ses commis \u00e0 Versailles. De l\u2019autre c\u00f4t\u00e9 de l\u2019Atlantique, le gouverneur et l\u2019intendant, \u00e0 partir de Qu\u00e9bec, se partagent la haute administration. Le Conseil sup\u00e9rieur de concert avec de petits fonctionnaires et, dans les paroisses rurales, des officiers de milice, contribuent \u00e0 l\u2019administration du Canada. La multiplication des gouvernements, par suite de la fondation de la Louisiane et de l\u2019\u00eele Royale, exigera la mise en place de structures parall\u00e8les.<\/p>\n<p>Ce texte de Marie-\u00c8ve\u00a0Ouellet dresse un portrait des rouages de l\u2019administration coloniale et en d\u00e9crit la structure et le fonctionnement. On y d\u00e9couvre que les r\u00e9gimes de gouvernance ont \u00e9volu\u00e9 au fil du temps et selon les r\u00e9gions du territoire de la Nouvelle-France, contr\u00e9e qui s&rsquo;av\u00e8re, pour la couronne, un lieu d\u2019exp\u00e9rimentation. On constate \u00e9galement en quoi le caract\u00e8re absolu du pouvoir royal s&rsquo;est trouv\u00e9 att\u00e9nu\u00e9 dans la pratique.<\/p>\n","protected":false},"excerpt":{"rendered":"<p>En Nouvelle-France, tout comme dans la France de l\u2019Ancien R\u00e9gime, le pouvoir souverain n\u2019appartient pas au peuple, mais au monarque. Depuis Paris et depuis leurs ch\u00e2teaux de campagne, les rois de France et leur entourage s\u2019int\u00e9ressent, selon le cas, plus ou moins de pr\u00e8s aux colonies. Au d\u00e9but, ils en d\u00e9l\u00e8guent tout simplement l\u2019administration \u00e0 [&hellip;]<\/p>\n","protected":false},"author":15,"featured_media":0,"parent":298,"menu_order":9,"comment_status":"open","ping_status":"open","template":"","meta":{"footnotes":""},"_links":{"self":[{"href":"https:\/\/www.museedelhistoire.ca\/musee-virtuel-de-la-nouvelle-france\/wp-json\/wp\/v2\/pages\/396"}],"collection":[{"href":"https:\/\/www.museedelhistoire.ca\/musee-virtuel-de-la-nouvelle-france\/wp-json\/wp\/v2\/pages"}],"about":[{"href":"https:\/\/www.museedelhistoire.ca\/musee-virtuel-de-la-nouvelle-france\/wp-json\/wp\/v2\/types\/page"}],"author":[{"embeddable":true,"href":"https:\/\/www.museedelhistoire.ca\/musee-virtuel-de-la-nouvelle-france\/wp-json\/wp\/v2\/users\/15"}],"replies":[{"embeddable":true,"href":"https:\/\/www.museedelhistoire.ca\/musee-virtuel-de-la-nouvelle-france\/wp-json\/wp\/v2\/comments?post=396"}],"version-history":[{"count":40,"href":"https:\/\/www.museedelhistoire.ca\/musee-virtuel-de-la-nouvelle-france\/wp-json\/wp\/v2\/pages\/396\/revisions"}],"predecessor-version":[{"id":4798,"href":"https:\/\/www.museedelhistoire.ca\/musee-virtuel-de-la-nouvelle-france\/wp-json\/wp\/v2\/pages\/396\/revisions\/4798"}],"up":[{"embeddable":true,"href":"https:\/\/www.museedelhistoire.ca\/musee-virtuel-de-la-nouvelle-france\/wp-json\/wp\/v2\/pages\/298"}],"wp:attachment":[{"href":"https:\/\/www.museedelhistoire.ca\/musee-virtuel-de-la-nouvelle-france\/wp-json\/wp\/v2\/media?parent=396"}],"curies":[{"name":"wp","href":"https:\/\/api.w.org\/{rel}","templated":true}]}}