{"id":410,"date":"2011-04-07T20:21:25","date_gmt":"2011-04-07T20:21:25","guid":{"rendered":"https:\/\/www.museedelhistoire.ca\/musee-virtuel-de-la-nouvelle-france\/"},"modified":"2017-05-10T09:11:27","modified_gmt":"2017-05-10T13:11:27","slug":"reseaux-commerciaux","status":"publish","type":"page","link":"https:\/\/www.museedelhistoire.ca\/musee-virtuel-de-la-nouvelle-france\/activites-economiques\/reseaux-commerciaux\/","title":{"rendered":"R\u00e9seaux commerciaux"},"content":{"rendered":"<p>Comment se pratiquait le commerce en Nouvelle-France? Qui \u00e9taient les marchands qui ont r\u00e9ussi \u00e0 faire fortune en Am\u00e9rique du Nord? Comment et o\u00f9 s\u2019approvisionnaient-ils? Quelles \u00e9taient les marchandises les plus pris\u00e9es? D\u2019o\u00f9 provenaient-elles et o\u00f9 \u00e9taient-elles fabriqu\u00e9es?<\/p>\n<div id=\"attachment_2305\" class=\"wp-caption aligncenter\" style=\"width:500px\"><a class=\"popup-gallery-opener group-3_5\" href=\"https:\/\/www.museedelhistoire.ca\/musee-virtuel-de-la-nouvelle-france\/files\/2011\/04\/Nouvelle-France_3_5_Navires-marchands-a-l\u2019ancre.jpg\" data-title=\"<strong>Navires marchands fran\u00e7ais \u00e0 l\u2019ancre, vers 1670, Willem II van de Velde<\/strong><br \/><div class='credit'> Velde, Willem II van de (1633-1707). Calme: Navires marchands fran\u00e7ais \u00e0 l\u2019ancre. vers 1670. Huile sur toile, 60.7 x 74.5 cm. Wallace Collection, London, Great Britain. Cr\u00e9dit Photo: By kind permission of the Trustees of the Wallace Collection, London \/ Art Resource, NY<\/div>\"><img loading=\"lazy\" decoding=\"async\" class=\"size-large wp-image-2305\" title=\"Navires marchands fran\u00e7ais \u00e0 l\u2019ancre, vers 1670 | Willem II van de Velde.  By kind permission of the Trustees of the Wallace Collection, London \/ Art Resource, NY\" src=\"https:\/\/www.museedelhistoire.ca\/musee-virtuel-de-la-nouvelle-france\/files\/2011\/04\/Nouvelle-France_3_5_Navires-marchands-a-l\u2019ancre-500x406.jpg\" alt=\"Navires marchands fran\u00e7ais \u00e0 l\u2019ancre, vers 1670\" width=\"500\" height=\"406\" srcset=\"https:\/\/www.museedelhistoire.ca\/musee-virtuel-de-la-nouvelle-france\/files\/2011\/04\/Nouvelle-France_3_5_Navires-marchands-a-l\u2019ancre-500x406.jpg 500w, https:\/\/www.museedelhistoire.ca\/musee-virtuel-de-la-nouvelle-france\/files\/2011\/04\/Nouvelle-France_3_5_Navires-marchands-a-l\u2019ancre-184x150.jpg 184w, https:\/\/www.museedelhistoire.ca\/musee-virtuel-de-la-nouvelle-france\/files\/2011\/04\/Nouvelle-France_3_5_Navires-marchands-a-l\u2019ancre-225x182.jpg 225w, https:\/\/www.museedelhistoire.ca\/musee-virtuel-de-la-nouvelle-france\/files\/2011\/04\/Nouvelle-France_3_5_Navires-marchands-a-l\u2019ancre.jpg 700w\" sizes=\"(max-width: 500px) 100vw, 500px\" \/><\/a><p class=\"wp-caption-text\"><span>Navires marchands fran\u00e7ais \u00e0 l\u2019ancre, vers 1670, Willem II van de Velde<\/span><\/p><\/div>\n<p>On en sait un peu plus sur le commerce en Am\u00e9rique fran\u00e7aise depuis les travaux pionniers de l\u2019historienne qu\u00e9b\u00e9coise Louise D\u00e9ch\u00eane, qui s&rsquo;est attard\u00e9e \u00e0 \u00e9tudier Montr\u00e9al et ses marchands. Depuis, historiens et arch\u00e9ologues ont cherch\u00e9 \u00e0 reconstituer le parcours des marchandises qui \u00e9taient vendues dans les boutiques de Qu\u00e9bec, de Montr\u00e9al et de la Nouvelle-Orl\u00e9ans, ou directement aux Autochtones. Ces chercheurs sont ainsi parvenus \u00e0 dresser un tableau plut\u00f4t complet de l\u2019activit\u00e9 commerciale en Am\u00e9rique du Nord.<\/p>\n<p>Le texte suivant (en cours d\u2019\u00e9laboration) d\u00e9crira le commerce transatlantique et les \u00e9changes au sein de la Nouvelle-France. Ce faisant, il dressera le portrait d\u2019une soci\u00e9t\u00e9 dont les membres se trouvaient des deux c\u00f4t\u00e9s de l\u2019oc\u00e9an Atlantique et qui agissaient ensemble pour apporter \u00e0 la colonie les marchandises dont elle avait besoin. On assiste alors \u00e0 la constitution de v\u00e9ritables partenariats entre les marchands canadiens ou louisianais et leurs fournisseurs fran\u00e7ais, ainsi qu&rsquo;avec des officiers \u00e9tablis \u00e0 l\u2019int\u00e9rieur du continent. On peut ainsi constater toute la port\u00e9e de la politique mercantiliste qui cherchait \u00e0 maintenir la colonie en \u00e9tat de d\u00e9pendance \u00e0 l&rsquo;\u00e9gard des produits fabriqu\u00e9s dans la m\u00e9tropole.<\/p>\n","protected":false},"excerpt":{"rendered":"<p>Comment se pratiquait le commerce en Nouvelle-France? Qui \u00e9taient les marchands qui ont r\u00e9ussi \u00e0 faire fortune en Am\u00e9rique du Nord? Comment et o\u00f9 s\u2019approvisionnaient-ils? Quelles \u00e9taient les marchandises les plus pris\u00e9es? D\u2019o\u00f9 provenaient-elles et o\u00f9 \u00e9taient-elles fabriqu\u00e9es? On en sait un peu plus sur le commerce en Am\u00e9rique fran\u00e7aise depuis les travaux pionniers de [&hellip;]<\/p>\n","protected":false},"author":14,"featured_media":0,"parent":300,"menu_order":4,"comment_status":"open","ping_status":"open","template":"","meta":{"footnotes":""},"_links":{"self":[{"href":"https:\/\/www.museedelhistoire.ca\/musee-virtuel-de-la-nouvelle-france\/wp-json\/wp\/v2\/pages\/410"}],"collection":[{"href":"https:\/\/www.museedelhistoire.ca\/musee-virtuel-de-la-nouvelle-france\/wp-json\/wp\/v2\/pages"}],"about":[{"href":"https:\/\/www.museedelhistoire.ca\/musee-virtuel-de-la-nouvelle-france\/wp-json\/wp\/v2\/types\/page"}],"author":[{"embeddable":true,"href":"https:\/\/www.museedelhistoire.ca\/musee-virtuel-de-la-nouvelle-france\/wp-json\/wp\/v2\/users\/14"}],"replies":[{"embeddable":true,"href":"https:\/\/www.museedelhistoire.ca\/musee-virtuel-de-la-nouvelle-france\/wp-json\/wp\/v2\/comments?post=410"}],"version-history":[{"count":5,"href":"https:\/\/www.museedelhistoire.ca\/musee-virtuel-de-la-nouvelle-france\/wp-json\/wp\/v2\/pages\/410\/revisions"}],"predecessor-version":[{"id":4997,"href":"https:\/\/www.museedelhistoire.ca\/musee-virtuel-de-la-nouvelle-france\/wp-json\/wp\/v2\/pages\/410\/revisions\/4997"}],"up":[{"embeddable":true,"href":"https:\/\/www.museedelhistoire.ca\/musee-virtuel-de-la-nouvelle-france\/wp-json\/wp\/v2\/pages\/300"}],"wp:attachment":[{"href":"https:\/\/www.museedelhistoire.ca\/musee-virtuel-de-la-nouvelle-france\/wp-json\/wp\/v2\/media?parent=410"}],"curies":[{"name":"wp","href":"https:\/\/api.w.org\/{rel}","templated":true}]}}