{"id":412,"date":"2011-04-07T20:22:18","date_gmt":"2011-04-07T20:22:18","guid":{"rendered":"https:\/\/www.museedelhistoire.ca\/musee-virtuel-de-la-nouvelle-france\/"},"modified":"2012-06-11T10:49:24","modified_gmt":"2012-06-11T14:49:24","slug":"immigration","status":"publish","type":"page","link":"https:\/\/www.museedelhistoire.ca\/musee-virtuel-de-la-nouvelle-france\/population\/immigration\/","title":{"rendered":"Immigration"},"content":{"rendered":"<p>Pour d\u00e9velopper une colonie outre-mer, il faut avant tout la peupler. Il s&rsquo;agit m\u00eame d\u2019un des \u00e9l\u00e9ments d\u00e9cisifs pour la survie d&rsquo;une colonie. Mais qui sont ces hommes et ces femmes qui ont d\u00e9cid\u00e9 de venir en Am\u00e9rique pour y entreprendre une nouvelle vie ou qui y ont \u00e9t\u00e9 envoy\u00e9s sans qu\u2019on leur demande leur avis? En d&rsquo;autres termes, qui \u00e9taient les anc\u00eatres des Qu\u00e9b\u00e9cois et, de fa\u00e7on g\u00e9n\u00e9rale, de toutes les populations francophones vivant en Am\u00e9rique du Nord aujourd\u2019hui?<\/p>\n<div id=\"attachment_2079\" class=\"wp-caption aligncenter\" style=\"width:500px\"><a class=\"popup-gallery-opener group-4_1\" href=\"https:\/\/www.museedelhistoire.ca\/musee-virtuel-de-la-nouvelle-france\/files\/2011\/04\/Nouvelle-France_4_1_Embarquement-des-filles-de-joie-de-Paris-pour-la-Louisiane.jpg\" data-title=\"<strong>Embarquement des filles de joies de Paris pour la Louisiane, 1726<\/strong><br \/><div class='credit'> Estampes et photographie, RESERVE QB-201 (111)-FOL &lt; p.50 &gt;, Biblioth\u00e8que nationale de France<\/div>\"><img loading=\"lazy\" decoding=\"async\" class=\"size-large wp-image-2079\" src=\"https:\/\/www.museedelhistoire.ca\/musee-virtuel-de-la-nouvelle-france\/files\/2011\/04\/Nouvelle-France_4_1_Embarquement-des-filles-de-joie-de-Paris-pour-la-Louisiane-500x311.jpg\" alt=\"Embarquement des filles de joies de Paris pour la Louisiane, 1726\" width=\"500\" height=\"311\" srcset=\"https:\/\/www.museedelhistoire.ca\/musee-virtuel-de-la-nouvelle-france\/files\/2011\/04\/Nouvelle-France_4_1_Embarquement-des-filles-de-joie-de-Paris-pour-la-Louisiane-500x311.jpg 500w, https:\/\/www.museedelhistoire.ca\/musee-virtuel-de-la-nouvelle-france\/files\/2011\/04\/Nouvelle-France_4_1_Embarquement-des-filles-de-joie-de-Paris-pour-la-Louisiane-240x150.jpg 240w, https:\/\/www.museedelhistoire.ca\/musee-virtuel-de-la-nouvelle-france\/files\/2011\/04\/Nouvelle-France_4_1_Embarquement-des-filles-de-joie-de-Paris-pour-la-Louisiane-225x140.jpg 225w, https:\/\/www.museedelhistoire.ca\/musee-virtuel-de-la-nouvelle-france\/files\/2011\/04\/Nouvelle-France_4_1_Embarquement-des-filles-de-joie-de-Paris-pour-la-Louisiane-62x38.jpg 62w, https:\/\/www.museedelhistoire.ca\/musee-virtuel-de-la-nouvelle-france\/files\/2011\/04\/Nouvelle-France_4_1_Embarquement-des-filles-de-joie-de-Paris-pour-la-Louisiane-106x66.jpg 106w, https:\/\/www.museedelhistoire.ca\/musee-virtuel-de-la-nouvelle-france\/files\/2011\/04\/Nouvelle-France_4_1_Embarquement-des-filles-de-joie-de-Paris-pour-la-Louisiane-490x305.jpg 490w, https:\/\/www.museedelhistoire.ca\/musee-virtuel-de-la-nouvelle-france\/files\/2011\/04\/Nouvelle-France_4_1_Embarquement-des-filles-de-joie-de-Paris-pour-la-Louisiane-195x121.jpg 195w, https:\/\/www.museedelhistoire.ca\/musee-virtuel-de-la-nouvelle-france\/files\/2011\/04\/Nouvelle-France_4_1_Embarquement-des-filles-de-joie-de-Paris-pour-la-Louisiane-132x82.jpg 132w, https:\/\/www.museedelhistoire.ca\/musee-virtuel-de-la-nouvelle-france\/files\/2011\/04\/Nouvelle-France_4_1_Embarquement-des-filles-de-joie-de-Paris-pour-la-Louisiane.jpg 700w\" sizes=\"(max-width: 500px) 100vw, 500px\" \/><\/a><p class=\"wp-caption-text\"><span>Embarquement des filles de joies de Paris pour la Louisiane, 1726<\/span><\/p><\/div>\n<p>Cette question n\u2019int\u00e9resse pas uniquement les g\u00e9n\u00e9alogistes; les historiens et les sociologues aussi cherchent \u00e0 savoir \u00e0 partir de quelles populations s\u2019est constitu\u00e9 le peuple de la Nouvelle-France. Savoir qui \u00e9taient les colons et d\u2019o\u00f9 ils venaient permet, entre autres choses, de mieux appr\u00e9hender la mani\u00e8re dont se sont d\u00e9velopp\u00e9es cette civilisation et cette culture nouvelle qui se sont maintenues jusqu&rsquo;\u00e0 aujourd\u2019hui.<\/p>\n<p>Lorsqu\u2019on parle du peuplement de la Nouvelle-France, on \u00e9voque souvent les \u00ab\u00a0filles du roi\u00a0\u00bb, de jeunes filles envoy\u00e9es par Louis\u00a0xiv et son ministre Colbert pour qu&rsquo;elles se marient avec des c\u00e9libataires d\u00e9j\u00e0 install\u00e9s dans la colonie. Toutefois, de nombreuses autres personnes ont quitt\u00e9 leur pays pour la Nouvelle-France. Dans l&rsquo;article qui suit, Leslie Choquette r\u00e9v\u00e8le tout au sujet des colons. Qui \u00e9taient-ils? D\u2019o\u00f9 venaient-ils? Combien \u00e9taient-ils? Quel \u00e2ge avaient-ils? Pourquoi d\u00e9cidaient-ils de tout abandonner pour affronter les dangers d\u2019une travers\u00e9e? Quels \u00e9taient leurs m\u00e9tiers?<\/p>\n","protected":false},"excerpt":{"rendered":"<p>Pour d\u00e9velopper une colonie outre-mer, il faut avant tout la peupler. Il s&rsquo;agit m\u00eame d\u2019un des \u00e9l\u00e9ments d\u00e9cisifs pour la survie d&rsquo;une colonie. Mais qui sont ces hommes et ces femmes qui ont d\u00e9cid\u00e9 de venir en Am\u00e9rique pour y entreprendre une nouvelle vie ou qui y ont \u00e9t\u00e9 envoy\u00e9s sans qu\u2019on leur demande leur [&hellip;]<\/p>\n","protected":false},"author":15,"featured_media":0,"parent":1017,"menu_order":2,"comment_status":"open","ping_status":"open","template":"","meta":{"footnotes":""},"_links":{"self":[{"href":"https:\/\/www.museedelhistoire.ca\/musee-virtuel-de-la-nouvelle-france\/wp-json\/wp\/v2\/pages\/412"}],"collection":[{"href":"https:\/\/www.museedelhistoire.ca\/musee-virtuel-de-la-nouvelle-france\/wp-json\/wp\/v2\/pages"}],"about":[{"href":"https:\/\/www.museedelhistoire.ca\/musee-virtuel-de-la-nouvelle-france\/wp-json\/wp\/v2\/types\/page"}],"author":[{"embeddable":true,"href":"https:\/\/www.museedelhistoire.ca\/musee-virtuel-de-la-nouvelle-france\/wp-json\/wp\/v2\/users\/15"}],"replies":[{"embeddable":true,"href":"https:\/\/www.museedelhistoire.ca\/musee-virtuel-de-la-nouvelle-france\/wp-json\/wp\/v2\/comments?post=412"}],"version-history":[{"count":32,"href":"https:\/\/www.museedelhistoire.ca\/musee-virtuel-de-la-nouvelle-france\/wp-json\/wp\/v2\/pages\/412\/revisions"}],"predecessor-version":[{"id":4807,"href":"https:\/\/www.museedelhistoire.ca\/musee-virtuel-de-la-nouvelle-france\/wp-json\/wp\/v2\/pages\/412\/revisions\/4807"}],"up":[{"embeddable":true,"href":"https:\/\/www.museedelhistoire.ca\/musee-virtuel-de-la-nouvelle-france\/wp-json\/wp\/v2\/pages\/1017"}],"wp:attachment":[{"href":"https:\/\/www.museedelhistoire.ca\/musee-virtuel-de-la-nouvelle-france\/wp-json\/wp\/v2\/media?parent=412"}],"curies":[{"name":"wp","href":"https:\/\/api.w.org\/{rel}","templated":true}]}}