{"id":414,"date":"2011-04-07T20:22:38","date_gmt":"2011-04-07T20:22:38","guid":{"rendered":"https:\/\/www.museedelhistoire.ca\/musee-virtuel-de-la-nouvelle-france\/"},"modified":"2012-04-23T14:02:03","modified_gmt":"2012-04-23T18:02:03","slug":"groupes-sociaux","status":"publish","type":"page","link":"https:\/\/www.museedelhistoire.ca\/musee-virtuel-de-la-nouvelle-france\/population\/groupes-sociaux\/","title":{"rendered":"Groupes sociaux"},"content":{"rendered":"<p>\u00c0 quoi ressemblait la soci\u00e9t\u00e9 en Nouvelle-France? \u00c9tait-elle le reflet de la soci\u00e9t\u00e9 m\u00e9tropolitaine de l\u2019Ancien R\u00e9gime? Ou \u00e9tait-elle diff\u00e9rente? Si tel \u00e9tait le cas, qu\u2019est-ce qui faisait qu\u2019elle n\u2019\u00e9tait pas identique \u00e0 celle dont elle \u00e9tait pourtant issue? C\u2019est \u00e0 toutes ces questions et \u00e0 bien d\u2019autres qu\u2019Arnaud Bessi\u00e8re r\u00e9pond dans le pr\u00e9sent article portant sur les groupes sociaux.<\/p>\n<div id=\"attachment_4456\" class=\"wp-caption aligncenter\" style=\"width:500px\"><a class=\"popup-gallery-opener group-4_2\" href=\"https:\/\/www.museedelhistoire.ca\/musee-virtuel-de-la-nouvelle-france\/files\/2012\/04\/Nouvelle-France_4_2_Manoir-Mauvide-Genest.jpg\" data-title=\"<strong>Manoir seigneurial Mauvide-Genest \u00e0 Saint-Jean, \u00cele d\u2019Orl\u00e9ans<\/strong><br \/><div class='credit'> Camirand photographie \/ Saint-Jean-de-l&#039;\u00cele-d&#039;Orl\u00e9ans<\/div>\"><img loading=\"lazy\" decoding=\"async\" src=\"https:\/\/www.museedelhistoire.ca\/musee-virtuel-de-la-nouvelle-france\/files\/2012\/04\/Nouvelle-France_4_2_Manoir-Mauvide-Genest-500x333.jpg\" alt=\"Manoir seigneurial Mauvide-Genest \u00e0 Saint-Jean, \u00cele d\u2019Orl\u00e9ans\" width=\"500\" height=\"333\" class=\"size-large wp-image-4456\" srcset=\"https:\/\/www.museedelhistoire.ca\/musee-virtuel-de-la-nouvelle-france\/files\/2012\/04\/Nouvelle-France_4_2_Manoir-Mauvide-Genest-500x333.jpg 500w, https:\/\/www.museedelhistoire.ca\/musee-virtuel-de-la-nouvelle-france\/files\/2012\/04\/Nouvelle-France_4_2_Manoir-Mauvide-Genest-150x100.jpg 150w, https:\/\/www.museedelhistoire.ca\/musee-virtuel-de-la-nouvelle-france\/files\/2012\/04\/Nouvelle-France_4_2_Manoir-Mauvide-Genest-225x150.jpg 225w, https:\/\/www.museedelhistoire.ca\/musee-virtuel-de-la-nouvelle-france\/files\/2012\/04\/Nouvelle-France_4_2_Manoir-Mauvide-Genest-62x41.jpg 62w, https:\/\/www.museedelhistoire.ca\/musee-virtuel-de-la-nouvelle-france\/files\/2012\/04\/Nouvelle-France_4_2_Manoir-Mauvide-Genest-106x70.jpg 106w, https:\/\/www.museedelhistoire.ca\/musee-virtuel-de-la-nouvelle-france\/files\/2012\/04\/Nouvelle-France_4_2_Manoir-Mauvide-Genest-490x326.jpg 490w, https:\/\/www.museedelhistoire.ca\/musee-virtuel-de-la-nouvelle-france\/files\/2012\/04\/Nouvelle-France_4_2_Manoir-Mauvide-Genest-195x130.jpg 195w, https:\/\/www.museedelhistoire.ca\/musee-virtuel-de-la-nouvelle-france\/files\/2012\/04\/Nouvelle-France_4_2_Manoir-Mauvide-Genest-132x88.jpg 132w, https:\/\/www.museedelhistoire.ca\/musee-virtuel-de-la-nouvelle-france\/files\/2012\/04\/Nouvelle-France_4_2_Manoir-Mauvide-Genest.jpg 700w\" sizes=\"(max-width: 500px) 100vw, 500px\" \/><\/a><p class=\"wp-caption-text\"><span>Manoir seigneurial Mauvide-Genest \u00e0 Saint-Jean, \u00cele d\u2019Orl\u00e9ans<\/span><\/p><\/div>\n<p>L&rsquo;auteur dresse un tableau de la population coloniale \u00e0 diff\u00e9rentes \u00e9poques, en s\u2019arr\u00eatant sur chacune des cat\u00e9gories sociales\u00a0: les seigneurs, les marchands, les artisans, les paysans et les domestiques. Il nous rappelle leur importance et il analyse leurs modes de vie ainsi que leurs devoirs et leurs responsabilit\u00e9s. L\u2019on d\u00e9couvre alors qu\u2019il existe, comme en France, de fortes disparit\u00e9s au sein m\u00eame des cat\u00e9gories sociales. Parmi les seigneurs, par exemple, certains tentent de reproduire les pratiques propres \u00e0 leur groupe de la m\u00e9tropole, tandis que d\u2019autres parviennent tout juste \u00e0 survivre sur leurs terres. Au sein des marchands, quelques-uns parviennent \u00e0 se b\u00e2tir de v\u00e9ritables fortunes, tandis que les autres, la majorit\u00e9, vivotent gr\u00e2ce \u00e0 de petits commerces.<\/p>\n<p>L\u2019article d\u2019Arnaud Bessi\u00e8re permet de mieux percevoir la hi\u00e9rarchisation qui pr\u00e9valait au sein de la colonie de Nouvelle-France et \u00e0 l\u2019int\u00e9rieur m\u00eame des diff\u00e9rents groupes sociaux. Il met ainsi en lumi\u00e8re la fa\u00e7on dont s\u2019est progressivement construite une soci\u00e9t\u00e9 nouvelle, qui se distinguait de celle de la France.<\/p>\n","protected":false},"excerpt":{"rendered":"<p>\u00c0 quoi ressemblait la soci\u00e9t\u00e9 en Nouvelle-France? \u00c9tait-elle le reflet de la soci\u00e9t\u00e9 m\u00e9tropolitaine de l\u2019Ancien R\u00e9gime? Ou \u00e9tait-elle diff\u00e9rente? Si tel \u00e9tait le cas, qu\u2019est-ce qui faisait qu\u2019elle n\u2019\u00e9tait pas identique \u00e0 celle dont elle \u00e9tait pourtant issue? C\u2019est \u00e0 toutes ces questions et \u00e0 bien d\u2019autres qu\u2019Arnaud Bessi\u00e8re r\u00e9pond dans le pr\u00e9sent article [&hellip;]<\/p>\n","protected":false},"author":15,"featured_media":0,"parent":1017,"menu_order":4,"comment_status":"open","ping_status":"open","template":"","meta":{"footnotes":""},"_links":{"self":[{"href":"https:\/\/www.museedelhistoire.ca\/musee-virtuel-de-la-nouvelle-france\/wp-json\/wp\/v2\/pages\/414"}],"collection":[{"href":"https:\/\/www.museedelhistoire.ca\/musee-virtuel-de-la-nouvelle-france\/wp-json\/wp\/v2\/pages"}],"about":[{"href":"https:\/\/www.museedelhistoire.ca\/musee-virtuel-de-la-nouvelle-france\/wp-json\/wp\/v2\/types\/page"}],"author":[{"embeddable":true,"href":"https:\/\/www.museedelhistoire.ca\/musee-virtuel-de-la-nouvelle-france\/wp-json\/wp\/v2\/users\/15"}],"replies":[{"embeddable":true,"href":"https:\/\/www.museedelhistoire.ca\/musee-virtuel-de-la-nouvelle-france\/wp-json\/wp\/v2\/comments?post=414"}],"version-history":[{"count":100,"href":"https:\/\/www.museedelhistoire.ca\/musee-virtuel-de-la-nouvelle-france\/wp-json\/wp\/v2\/pages\/414\/revisions"}],"predecessor-version":[{"id":4460,"href":"https:\/\/www.museedelhistoire.ca\/musee-virtuel-de-la-nouvelle-france\/wp-json\/wp\/v2\/pages\/414\/revisions\/4460"}],"up":[{"embeddable":true,"href":"https:\/\/www.museedelhistoire.ca\/musee-virtuel-de-la-nouvelle-france\/wp-json\/wp\/v2\/pages\/1017"}],"wp:attachment":[{"href":"https:\/\/www.museedelhistoire.ca\/musee-virtuel-de-la-nouvelle-france\/wp-json\/wp\/v2\/media?parent=414"}],"curies":[{"name":"wp","href":"https:\/\/api.w.org\/{rel}","templated":true}]}}