{"id":416,"date":"2011-04-07T20:22:56","date_gmt":"2011-04-07T20:22:56","guid":{"rendered":"https:\/\/www.museedelhistoire.ca\/musee-virtuel-de-la-nouvelle-france\/"},"modified":"2018-04-09T13:30:13","modified_gmt":"2018-04-09T17:30:13","slug":"esclavage","status":"publish","type":"page","link":"https:\/\/www.museedelhistoire.ca\/musee-virtuel-de-la-nouvelle-france\/population\/esclavage\/","title":{"rendered":"Esclavage"},"content":{"rendered":"<p>La question de l\u2019esclavage au Canada a longtemps \u00e9t\u00e9 occult\u00e9e par les historiens et la soci\u00e9t\u00e9 canadienne en g\u00e9n\u00e9ral. On n\u2019a r\u00e9ellement pris conscience de ce pass\u00e9 esclavagiste qu&rsquo;\u00e0 compter des ann\u00e9es 1960. Pourtant, l\u2019esclavage a bel et bien \u00e9t\u00e9 pratiqu\u00e9 en Nouvelle-France, tant en Louisiane que dans la vall\u00e9e du Saint-Laurent. Cette pratique, qui a dur\u00e9 pr\u00e8s de deux si\u00e8cles, a marqu\u00e9 le destin de plusieurs milliers de femmes, d\u2019hommes et d\u2019enfants, issus de nations am\u00e9rindiennes et africaines.<\/p>\n<div id=\"attachment_2086\" class=\"wp-caption aligncenter\" style=\"width:500px\"><a class=\"popup-gallery-opener group-4_3\" href=\"https:\/\/www.museedelhistoire.ca\/musee-virtuel-de-la-nouvelle-france\/files\/2011\/04\/Nouvelle-France_4_3_Contremaitre-et-esclaves-Latrobe.jpg\" data-title=\"<strong>Le travail sous l\u2019\u0153il du contrema\u00eetre, fin du dix-huiti\u00e8me si\u00e8cle<\/strong><br \/>Un contrema\u00eetre en service, pr\u00e8s de Fredericksburg, Virginie, vers 1798.  Aquarelle de Benjamin Henry Latrobe.<div class='credit'> Image ID 1960.108.1.3.21, Gracieuset\u00e9 The Maryland Historical Society<\/div>\"><img loading=\"lazy\" decoding=\"async\" class=\"size-large wp-image-2086\" src=\"https:\/\/www.museedelhistoire.ca\/musee-virtuel-de-la-nouvelle-france\/files\/2011\/04\/Nouvelle-France_4_3_Contremaitre-et-esclaves-Latrobe-500x350.jpg\" alt=\"Le travail sous l\u2019\u0153il du contrema\u00eetre, fin du dix-huiti\u00e8me si\u00e8cle\" width=\"500\" height=\"350\" srcset=\"https:\/\/www.museedelhistoire.ca\/musee-virtuel-de-la-nouvelle-france\/files\/2011\/04\/Nouvelle-France_4_3_Contremaitre-et-esclaves-Latrobe-500x350.jpg 500w, https:\/\/www.museedelhistoire.ca\/musee-virtuel-de-la-nouvelle-france\/files\/2011\/04\/Nouvelle-France_4_3_Contremaitre-et-esclaves-Latrobe-214x150.jpg 214w, https:\/\/www.museedelhistoire.ca\/musee-virtuel-de-la-nouvelle-france\/files\/2011\/04\/Nouvelle-France_4_3_Contremaitre-et-esclaves-Latrobe-225x157.jpg 225w, https:\/\/www.museedelhistoire.ca\/musee-virtuel-de-la-nouvelle-france\/files\/2011\/04\/Nouvelle-France_4_3_Contremaitre-et-esclaves-Latrobe-62x43.jpg 62w, https:\/\/www.museedelhistoire.ca\/musee-virtuel-de-la-nouvelle-france\/files\/2011\/04\/Nouvelle-France_4_3_Contremaitre-et-esclaves-Latrobe-106x74.jpg 106w, https:\/\/www.museedelhistoire.ca\/musee-virtuel-de-la-nouvelle-france\/files\/2011\/04\/Nouvelle-France_4_3_Contremaitre-et-esclaves-Latrobe-490x343.jpg 490w, https:\/\/www.museedelhistoire.ca\/musee-virtuel-de-la-nouvelle-france\/files\/2011\/04\/Nouvelle-France_4_3_Contremaitre-et-esclaves-Latrobe-195x136.jpg 195w, https:\/\/www.museedelhistoire.ca\/musee-virtuel-de-la-nouvelle-france\/files\/2011\/04\/Nouvelle-France_4_3_Contremaitre-et-esclaves-Latrobe-132x92.jpg 132w, https:\/\/www.museedelhistoire.ca\/musee-virtuel-de-la-nouvelle-france\/files\/2011\/04\/Nouvelle-France_4_3_Contremaitre-et-esclaves-Latrobe.jpg 700w\" sizes=\"(max-width: 500px) 100vw, 500px\" \/><\/a><p class=\"wp-caption-text\"><span>Le travail sous l\u2019\u0153il du contrema\u00eetre, fin du dix-huiti\u00e8me si\u00e8cle<\/span><\/p><\/div>\n<h2>Implantation de l\u2019esclavage<\/h2>\n<p>L\u2019esclavage s\u2019implante au Canada par \u00e9tapes.\u00a0 C\u2019est en 1629 qu\u2019appara\u00eet dans la colonie un premier esclave, jeune gar\u00e7on originaire de Madagascar ou de Guin\u00e9e arriv\u00e9 avec les fr\u00e8res Kirke.\u00a0 Ces derniers le vendent avant de quitter Qu\u00e9bec en 1632 pour la somme de 50 \u00e9cus.\u00a0 Peu de temps apr\u00e8s, Guillaume Couillard fait l\u2019acquisition de ce gar\u00e7on qui re\u00e7oit par la suite le nom d\u2019Olivier Le Jeune.\u00a0 Or, le fait que Le Jeune soit qualifi\u00e9 de \u00ab domestique \u00bb dans son acte de s\u00e9pulture en 1654 sugg\u00e8re qu\u2019il aurait \u00e9t\u00e9 affranchi par son ma\u00eetre.<\/p>\n<p>\u00c0 cette exception pr\u00e8s, les premiers esclaves noirs n\u2019arrivent au Canada qu\u2019\u00e0 la fin du XVIIe si\u00e8cle. En d\u00e9pit de la volont\u00e9 fr\u00e9quemment exprim\u00e9e par les autorit\u00e9s de faire venir des esclaves d\u2019origine africaine dans la colonie, aucun navire n\u00e9grier n\u2019y parvient. Les esclaves qu\u2019on retrouve au Canada provenaient donc des colonies anglaises voisines, d\u2019o\u00f9 ils \u00e9taient amen\u00e9s en contrebande ou comme prisonniers de guerre. Certains marchands canadiens ramenaient aussi des esclaves noirs lors de leurs voyages d\u2019affaires dans les colonies du Sud, en Louisiane ou dans les Antilles fran\u00e7aises.<\/p>\n<div style=\"margin-top: 15px;width:245px;float:left\">\n<div id=\"attachment_3875\" class=\"wp-caption alignleft\" style=\"width:225px\"><a class=\"popup-gallery-opener group-4_3\" href=\"https:\/\/www.museedelhistoire.ca\/musee-virtuel-de-la-nouvelle-france\/files\/2011\/12\/Nouvelle-France_4_3_Territoire_Panis.jpg\" data-title=\"<strong>Le territoire des Indiens Panis<\/strong><br \/>Ce territoire au contour flou repr\u00e9sente la r\u00e9gion d&#039;o\u00f9 provient la majorit\u00e9 des esclaves autochtones que l&#039;on nomme Panis. On y retrouve les Pawnee mais \u00e9galement d&#039;autres nations autochtones que leurs ennemis ont r\u00e9duit \u00e0 l&#039;esclavage ou troqu\u00e9 contre des produits europ\u00e9ens.<div class='credit'> \u00a9 MCC<\/div>\"><img loading=\"lazy\" decoding=\"async\" class=\"size-medium wp-image-3875\" style=\"margin-top: 15px\" src=\"https:\/\/www.museedelhistoire.ca\/musee-virtuel-de-la-nouvelle-france\/files\/2011\/12\/Nouvelle-France_4_3_Territoire_Panis-225x189.jpg\" alt=\"Le territoire des Indiens Panis\" width=\"225\" height=\"189\" srcset=\"https:\/\/www.museedelhistoire.ca\/musee-virtuel-de-la-nouvelle-france\/files\/2011\/12\/Nouvelle-France_4_3_Territoire_Panis-225x189.jpg 225w, https:\/\/www.museedelhistoire.ca\/musee-virtuel-de-la-nouvelle-france\/files\/2011\/12\/Nouvelle-France_4_3_Territoire_Panis-500x420.jpg 500w, https:\/\/www.museedelhistoire.ca\/musee-virtuel-de-la-nouvelle-france\/files\/2011\/12\/Nouvelle-France_4_3_Territoire_Panis-62x52.jpg 62w, https:\/\/www.museedelhistoire.ca\/musee-virtuel-de-la-nouvelle-france\/files\/2011\/12\/Nouvelle-France_4_3_Territoire_Panis-106x89.jpg 106w, https:\/\/www.museedelhistoire.ca\/musee-virtuel-de-la-nouvelle-france\/files\/2011\/12\/Nouvelle-France_4_3_Territoire_Panis-490x412.jpg 490w, https:\/\/www.museedelhistoire.ca\/musee-virtuel-de-la-nouvelle-france\/files\/2011\/12\/Nouvelle-France_4_3_Territoire_Panis-195x164.jpg 195w, https:\/\/www.museedelhistoire.ca\/musee-virtuel-de-la-nouvelle-france\/files\/2011\/12\/Nouvelle-France_4_3_Territoire_Panis-132x111.jpg 132w, https:\/\/www.museedelhistoire.ca\/musee-virtuel-de-la-nouvelle-france\/files\/2011\/12\/Nouvelle-France_4_3_Territoire_Panis.jpg 713w\" sizes=\"(max-width: 225px) 100vw, 225px\" \/><\/a><p class=\"wp-caption-text\"><span>Le territoire des Indiens Panis<\/span><\/p><\/div>\n<div id=\"attachment_3873\" class=\"wp-caption alignleft\" style=\"width:225px\"><a class=\"popup-gallery-opener group-4_3\" href=\"https:\/\/www.museedelhistoire.ca\/musee-virtuel-de-la-nouvelle-france\/files\/2011\/12\/Nouvelle-FRance_4_3_Carte-origines-des-esclaves-africains.jpg\" data-title=\"<strong>L'origine g\u00e9ographique des esclaves africains<\/strong><br \/>La C\u00f4te de l&#039;Or, ou C\u00f4te des Esclaves est une zone c\u00f4ti\u00e8re s&#039;\u00e9tendant du fleuve S\u00e9n\u00e9gal au fleuve Kunene o\u00f9 s&#039;approvisionnaient les n\u00e9griers fran\u00e7ais, anglais, espagnols et portugais dans le but de les revendre dans les colonies am\u00e9ricaines nottament. En Nouvelle-France, ces esclaves africains \u00e9taient surtout destin\u00e9s aux grandes plantations des Antilles et de la Louisiane.<div class='credit'> \u00a9 MCC<\/div>\"><img loading=\"lazy\" decoding=\"async\" src=\"https:\/\/www.museedelhistoire.ca\/musee-virtuel-de-la-nouvelle-france\/files\/2011\/12\/Nouvelle-FRance_4_3_Carte-origines-des-esclaves-africains-225x137.jpg\" alt=\"L&#039;origine g\u00e9ographique des esclaves africains\" width=\"225\" height=\"137\" class=\"size-medium wp-image-3873\" srcset=\"https:\/\/www.museedelhistoire.ca\/musee-virtuel-de-la-nouvelle-france\/files\/2011\/12\/Nouvelle-FRance_4_3_Carte-origines-des-esclaves-africains-225x137.jpg 225w, https:\/\/www.museedelhistoire.ca\/musee-virtuel-de-la-nouvelle-france\/files\/2011\/12\/Nouvelle-FRance_4_3_Carte-origines-des-esclaves-africains-500x305.jpg 500w, https:\/\/www.museedelhistoire.ca\/musee-virtuel-de-la-nouvelle-france\/files\/2011\/12\/Nouvelle-FRance_4_3_Carte-origines-des-esclaves-africains-960x586.jpg 960w, https:\/\/www.museedelhistoire.ca\/musee-virtuel-de-la-nouvelle-france\/files\/2011\/12\/Nouvelle-FRance_4_3_Carte-origines-des-esclaves-africains-62x37.jpg 62w, https:\/\/www.museedelhistoire.ca\/musee-virtuel-de-la-nouvelle-france\/files\/2011\/12\/Nouvelle-FRance_4_3_Carte-origines-des-esclaves-africains-106x64.jpg 106w, https:\/\/www.museedelhistoire.ca\/musee-virtuel-de-la-nouvelle-france\/files\/2011\/12\/Nouvelle-FRance_4_3_Carte-origines-des-esclaves-africains-490x299.jpg 490w, https:\/\/www.museedelhistoire.ca\/musee-virtuel-de-la-nouvelle-france\/files\/2011\/12\/Nouvelle-FRance_4_3_Carte-origines-des-esclaves-africains-740x452.jpg 740w, https:\/\/www.museedelhistoire.ca\/musee-virtuel-de-la-nouvelle-france\/files\/2011\/12\/Nouvelle-FRance_4_3_Carte-origines-des-esclaves-africains-195x119.jpg 195w, https:\/\/www.museedelhistoire.ca\/musee-virtuel-de-la-nouvelle-france\/files\/2011\/12\/Nouvelle-FRance_4_3_Carte-origines-des-esclaves-africains-132x80.jpg 132w, https:\/\/www.museedelhistoire.ca\/musee-virtuel-de-la-nouvelle-france\/files\/2011\/12\/Nouvelle-FRance_4_3_Carte-origines-des-esclaves-africains.jpg 982w\" sizes=\"(max-width: 225px) 100vw, 225px\" \/><\/a><p class=\"wp-caption-text\"><span>L'origine g\u00e9ographique des esclaves africains<\/span><\/p><\/div>\n<p>&nbsp;<\/p>\n<\/div>\n<p>Au Canada, la majorit\u00e9 des esclaves fut d\u2019origine non pas africaine mais bien am\u00e9rindienne.\u00a0 Les populations autochtones avaient coutume d\u2019asservir des prisonniers de guerre avant l\u2019\u00e9tablissement des Fran\u00e7ais, mais cette r\u00e9alit\u00e9 prend de l\u2019ampleur avec l\u2019expansion vers l\u2019ouest. \u00c0 compter des ann\u00e9es 1670, les Fran\u00e7ais re\u00e7oivent de leurs partenaires autochtones des prisonniers en gage d\u2019amiti\u00e9, au cours d\u2019\u00e9changes commerciaux ou diplomatiques.\u00a0 Les Illinois \u00e9taient particuli\u00e8rement reconnus pour les raids qu\u2019ils menaient contre les nations du sud-ouest dont ils ramenaient des captifs.\u00a0 La pratique d\u2019acheter et de vendre ces prisonniers comme de la marchandise s\u2019installe d\u00e8s le d\u00e9but du XVIIIe si\u00e8cle.<\/p>\n<p>L\u2019origine ethnique des esclaves autochtones est parfois pr\u00e9cis\u00e9e dans les \u00e9crits de l\u2019\u00e9poque.\u00a0 On y retrouve des Renards et des Sioux en provenance de l\u2019ouest des Grands Lacs, des Inuits du Labrador, des Chicachas de la vall\u00e9e du Mississippi, des Apaches du sud-ouest am\u00e9ricain, et surtout des Panis.\u00a0 La d\u00e9signation de \u00ab Panis \u00bb est pourtant trompeuse.\u00a0 Dans son sens strict elle renvoie aux Pawnees, nation habitant le bassin du Missouri dont les alli\u00e9s des Fran\u00e7ais faisaient leur proie.\u00a0 Or, dans la colonie fran\u00e7aise le terme devient rapidement un g\u00e9n\u00e9rique utilis\u00e9 pour d\u00e9signer n\u2019importe quel esclave am\u00e9rindien.\u00a0 Bien des \u00ab esclaves panis \u00bb, de ce fait, n\u2019\u00e9taient pas Pawnee du tout.<\/p>\n<p>La situation est bien diff\u00e9rente en Louisiane.\u00a0 Au moment de la fondation de cette colonie au d\u00e9but du XVIIIe si\u00e8cle, les esclaves autochtones y sont plus difficiles \u00e0 acqu\u00e9rir et \u00e0 conserver.\u00a0 Les colons, en particulier les planteurs, leur pr\u00e9f\u00e9raient d\u2019ailleurs les esclaves africains, qu\u2019ils jugeaient plus aptes aux travaux des champs, notamment pour la culture de l\u2019indigo et du tabac.\u00a0 En Louisiane, la traite esclavagiste en provenance d\u2019Afrique d\u00e9bute donc \u00e0 partir de 1719.<\/p>\n","protected":false},"excerpt":{"rendered":"<p>La question de l\u2019esclavage au Canada a longtemps \u00e9t\u00e9 occult\u00e9e par les historiens et la soci\u00e9t\u00e9 canadienne en g\u00e9n\u00e9ral. On n\u2019a r\u00e9ellement pris conscience de ce pass\u00e9 esclavagiste qu&rsquo;\u00e0 compter des ann\u00e9es 1960. Pourtant, l\u2019esclavage a bel et bien \u00e9t\u00e9 pratiqu\u00e9 en Nouvelle-France, tant en Louisiane que dans la vall\u00e9e du Saint-Laurent. Cette pratique, qui [&hellip;]<\/p>\n","protected":false},"author":15,"featured_media":0,"parent":1017,"menu_order":6,"comment_status":"open","ping_status":"open","template":"","meta":{"footnotes":""},"_links":{"self":[{"href":"https:\/\/www.museedelhistoire.ca\/musee-virtuel-de-la-nouvelle-france\/wp-json\/wp\/v2\/pages\/416"}],"collection":[{"href":"https:\/\/www.museedelhistoire.ca\/musee-virtuel-de-la-nouvelle-france\/wp-json\/wp\/v2\/pages"}],"about":[{"href":"https:\/\/www.museedelhistoire.ca\/musee-virtuel-de-la-nouvelle-france\/wp-json\/wp\/v2\/types\/page"}],"author":[{"embeddable":true,"href":"https:\/\/www.museedelhistoire.ca\/musee-virtuel-de-la-nouvelle-france\/wp-json\/wp\/v2\/users\/15"}],"replies":[{"embeddable":true,"href":"https:\/\/www.museedelhistoire.ca\/musee-virtuel-de-la-nouvelle-france\/wp-json\/wp\/v2\/comments?post=416"}],"version-history":[{"count":6,"href":"https:\/\/www.museedelhistoire.ca\/musee-virtuel-de-la-nouvelle-france\/wp-json\/wp\/v2\/pages\/416\/revisions"}],"predecessor-version":[{"id":5004,"href":"https:\/\/www.museedelhistoire.ca\/musee-virtuel-de-la-nouvelle-france\/wp-json\/wp\/v2\/pages\/416\/revisions\/5004"}],"up":[{"embeddable":true,"href":"https:\/\/www.museedelhistoire.ca\/musee-virtuel-de-la-nouvelle-france\/wp-json\/wp\/v2\/pages\/1017"}],"wp:attachment":[{"href":"https:\/\/www.museedelhistoire.ca\/musee-virtuel-de-la-nouvelle-france\/wp-json\/wp\/v2\/media?parent=416"}],"curies":[{"name":"wp","href":"https:\/\/api.w.org\/{rel}","templated":true}]}}