{"id":430,"date":"2011-04-07T20:29:55","date_gmt":"2011-04-07T20:29:55","guid":{"rendered":"https:\/\/www.museedelhistoire.ca\/musee-virtuel-de-la-nouvelle-france\/"},"modified":"2020-02-07T11:26:00","modified_gmt":"2020-02-07T15:26:00","slug":"sante-et-medecine","status":"publish","type":"page","link":"https:\/\/www.museedelhistoire.ca\/musee-virtuel-de-la-nouvelle-france\/vie-quotidienne\/sante-et-medecine\/","title":{"rendered":"Sant\u00e9 et m\u00e9decine"},"content":{"rendered":"<p>Des maux de toutes sortes font partie du quotidien de la population de la Nouvelle-France, dans une plus grande mesure que de nos jours. \u00c0 cette \u00e9poque, on comprend encore mal les causes des maladies infectieuses et les moyens de limiter leurs ravages. La pens\u00e9e et la pratique m\u00e9dicales ont bien peu \u00e0 voir avec celles d\u2019aujourd\u2019hui. Au XVIII<sup>e <\/sup>si\u00e8cle, les connaissances sur la maladie et la gu\u00e9rison s&rsquo;appuient sur les \u00e9crits des auteurs de l\u2019Antiquit\u00e9. Le taux de mortalit\u00e9 est donc tr\u00e8s \u00e9lev\u00e9.<\/p>\n<div id=\"attachment_2120\" class=\"wp-caption aligncenter\" style=\"width:500px\"><a class=\"popup-gallery-opener group-5_4\" href=\"https:\/\/www.museedelhistoire.ca\/musee-virtuel-de-la-nouvelle-france\/files\/2011\/04\/Nouvelle-France_5_4_M\u00e9decin-avec-\u00e9chantillon-Ma\u00eetre-Chandelle1.jpg\" data-title=\"<strong>M\u00e9decin examinant un \u00e9chantillon<\/strong><br \/>Au XVII&lt;sup&gt;e&lt;\/sup&gt; si\u00e8cle comme encore aujourd\u2019hui, les m\u00e9decins se servent parfois d\u2019\u00e9chantillons d\u2019urine pour \u00e9mettre un diagnostique.  Les m\u00e9thodes ont cependant beaucoup chang\u00e9es : faute d\u2019\u00e9quipement de pointe et bien souvent m\u00eame de microscopes, les praticiens de l\u2019\u00e9poque doivent se fier \u00e0 l\u2019\u0153il nu.  M\u00e9decin avec un \u00e9chantillon d\u2019urine, tableau du Ma\u00eetre \u00e0 la Chandelle, vers 1620-1640.<div class='credit'> Ashmolean Museum, University of Oxford<\/div>\"><img loading=\"lazy\" decoding=\"async\" class=\"size-large wp-image-2120\" src=\"https:\/\/www.museedelhistoire.ca\/musee-virtuel-de-la-nouvelle-france\/files\/2011\/04\/Nouvelle-France_5_4_M\u00e9decin-avec-\u00e9chantillon-Ma\u00eetre-Chandelle1-500x375.jpg\" alt=\"M\u00e9decin examinant un \u00e9chantillon d\u2019urine\" width=\"500\" height=\"375\" srcset=\"https:\/\/www.museedelhistoire.ca\/musee-virtuel-de-la-nouvelle-france\/files\/2011\/04\/Nouvelle-France_5_4_M\u00e9decin-avec-\u00e9chantillon-Ma\u00eetre-Chandelle1-500x375.jpg 500w, https:\/\/www.museedelhistoire.ca\/musee-virtuel-de-la-nouvelle-france\/files\/2011\/04\/Nouvelle-France_5_4_M\u00e9decin-avec-\u00e9chantillon-Ma\u00eetre-Chandelle1-200x150.jpg 200w, https:\/\/www.museedelhistoire.ca\/musee-virtuel-de-la-nouvelle-france\/files\/2011\/04\/Nouvelle-France_5_4_M\u00e9decin-avec-\u00e9chantillon-Ma\u00eetre-Chandelle1-225x168.jpg 225w, https:\/\/www.museedelhistoire.ca\/musee-virtuel-de-la-nouvelle-france\/files\/2011\/04\/Nouvelle-France_5_4_M\u00e9decin-avec-\u00e9chantillon-Ma\u00eetre-Chandelle1-62x46.jpg 62w, https:\/\/www.museedelhistoire.ca\/musee-virtuel-de-la-nouvelle-france\/files\/2011\/04\/Nouvelle-France_5_4_M\u00e9decin-avec-\u00e9chantillon-Ma\u00eetre-Chandelle1-106x79.jpg 106w, https:\/\/www.museedelhistoire.ca\/musee-virtuel-de-la-nouvelle-france\/files\/2011\/04\/Nouvelle-France_5_4_M\u00e9decin-avec-\u00e9chantillon-Ma\u00eetre-Chandelle1-490x367.jpg 490w, https:\/\/www.museedelhistoire.ca\/musee-virtuel-de-la-nouvelle-france\/files\/2011\/04\/Nouvelle-France_5_4_M\u00e9decin-avec-\u00e9chantillon-Ma\u00eetre-Chandelle1-195x146.jpg 195w, https:\/\/www.museedelhistoire.ca\/musee-virtuel-de-la-nouvelle-france\/files\/2011\/04\/Nouvelle-France_5_4_M\u00e9decin-avec-\u00e9chantillon-Ma\u00eetre-Chandelle1-132x99.jpg 132w, https:\/\/www.museedelhistoire.ca\/musee-virtuel-de-la-nouvelle-france\/files\/2011\/04\/Nouvelle-France_5_4_M\u00e9decin-avec-\u00e9chantillon-Ma\u00eetre-Chandelle1.jpg 700w\" sizes=\"(max-width: 500px) 100vw, 500px\" \/><\/a><p class=\"wp-caption-text\"><span>M\u00e9decin examinant un \u00e9chantillon<\/span><\/p><\/div>\n<p>Les colons jouissent cependant d\u2019un bon encadrement m\u00e9dical. En effet, chaque ville est dot\u00e9 d&rsquo;un h\u00f4tel-Dieu ou d&rsquo;un h\u00f4pital. Pour soigner la population, chirurgiens, m\u00e9decins, apothicaires et gu\u00e9risseurs travaillent de concert avec les congr\u00e9gations religieuses. La couronne, qui seconde l\u2019\u00c9glise catholique, joue un r\u00f4le de premier plan dans la prestation des soins.<\/p>\n","protected":false},"excerpt":{"rendered":"<p>Des maux de toutes sortes font partie du quotidien de la population de la Nouvelle-France, dans une plus grande mesure que de nos jours. \u00c0 cette \u00e9poque, on comprend encore mal les causes des maladies infectieuses et les moyens de limiter leurs ravages. La pens\u00e9e et la pratique m\u00e9dicales ont bien peu \u00e0 voir avec [&hellip;]<\/p>\n","protected":false},"author":15,"featured_media":0,"parent":312,"menu_order":8,"comment_status":"open","ping_status":"open","template":"","meta":{"footnotes":""},"_links":{"self":[{"href":"https:\/\/www.museedelhistoire.ca\/musee-virtuel-de-la-nouvelle-france\/wp-json\/wp\/v2\/pages\/430"}],"collection":[{"href":"https:\/\/www.museedelhistoire.ca\/musee-virtuel-de-la-nouvelle-france\/wp-json\/wp\/v2\/pages"}],"about":[{"href":"https:\/\/www.museedelhistoire.ca\/musee-virtuel-de-la-nouvelle-france\/wp-json\/wp\/v2\/types\/page"}],"author":[{"embeddable":true,"href":"https:\/\/www.museedelhistoire.ca\/musee-virtuel-de-la-nouvelle-france\/wp-json\/wp\/v2\/users\/15"}],"replies":[{"embeddable":true,"href":"https:\/\/www.museedelhistoire.ca\/musee-virtuel-de-la-nouvelle-france\/wp-json\/wp\/v2\/comments?post=430"}],"version-history":[{"count":89,"href":"https:\/\/www.museedelhistoire.ca\/musee-virtuel-de-la-nouvelle-france\/wp-json\/wp\/v2\/pages\/430\/revisions"}],"predecessor-version":[{"id":4325,"href":"https:\/\/www.museedelhistoire.ca\/musee-virtuel-de-la-nouvelle-france\/wp-json\/wp\/v2\/pages\/430\/revisions\/4325"}],"up":[{"embeddable":true,"href":"https:\/\/www.museedelhistoire.ca\/musee-virtuel-de-la-nouvelle-france\/wp-json\/wp\/v2\/pages\/312"}],"wp:attachment":[{"href":"https:\/\/www.museedelhistoire.ca\/musee-virtuel-de-la-nouvelle-france\/wp-json\/wp\/v2\/media?parent=430"}],"curies":[{"name":"wp","href":"https:\/\/api.w.org\/{rel}","templated":true}]}}