{"id":432,"date":"2011-04-07T20:32:49","date_gmt":"2011-04-07T20:32:49","guid":{"rendered":"https:\/\/www.museedelhistoire.ca\/musee-virtuel-de-la-nouvelle-france\/"},"modified":"2012-06-01T10:39:30","modified_gmt":"2012-06-01T14:39:30","slug":"architecture-vernaculaire-en-nouvelle-france","status":"publish","type":"page","link":"https:\/\/www.museedelhistoire.ca\/musee-virtuel-de-la-nouvelle-france\/vie-quotidienne\/architecture-vernaculaire-en-nouvelle-france\/","title":{"rendered":"Architecture vernaculaire en Nouvelle-France"},"content":{"rendered":"<p>Lorsque des colons arrivent en Nouvelle-France, l\u2019une de leurs premi\u00e8res pr\u00e9occupations est de se doter d&rsquo;un toit. L\u2019environnement, les conditions climatiques, les mat\u00e9riaux disponibles et leurs propres ressources p\u00e9cuniaires sont des facteurs qui dictent le type d\u2019habitat qu\u2019il est possible de construire. De constructions simples visant \u00e0 assurer le besoin primaire de se loger, les habitations s\u2019adaptent et \u00e9voluent du XVIIe au milieu du XVIIIe si\u00e8cle pour offrir \u00e0 leurs occupants un maximum de confort et de s\u00e9curit\u00e9.<\/p>\n<div id=\"attachment_2123\" class=\"wp-caption aligncenter\" style=\"width:500px\"><a class=\"popup-gallery-opener group-5_5\" href=\"https:\/\/www.museedelhistoire.ca\/musee-virtuel-de-la-nouvelle-france\/files\/2011\/06\/Nouvelle-France_5_5_Int\u00e9rieur-de-maison-Horatio-Walker-.jpg\" data-title=\"<strong>Int\u00e9rieur de maison canadienne<\/strong><br \/><div class='credit'> Horatio Walker, Int\u00e9rieur de maison, 1886, Aquarelle sur papier, 14 x 23 cm, Collection: Mus\u00e9e national des beaux-arts du Qu\u00e9bec, 1934.539, Photo:MNBAQ, Jean-Guy K\u00e9rouac<\/div>\"><img loading=\"lazy\" decoding=\"async\" class=\"size-large wp-image-2123\" src=\"https:\/\/www.museedelhistoire.ca\/musee-virtuel-de-la-nouvelle-france\/files\/2011\/06\/Nouvelle-France_5_5_Int\u00e9rieur-de-maison-Horatio-Walker--500x305.jpg\" alt=\"Int\u00e9rieur de maison canadienne\" width=\"500\" height=\"305\" srcset=\"https:\/\/www.museedelhistoire.ca\/musee-virtuel-de-la-nouvelle-france\/files\/2011\/06\/Nouvelle-France_5_5_Int\u00e9rieur-de-maison-Horatio-Walker--500x305.jpg 500w, https:\/\/www.museedelhistoire.ca\/musee-virtuel-de-la-nouvelle-france\/files\/2011\/06\/Nouvelle-France_5_5_Int\u00e9rieur-de-maison-Horatio-Walker--245x150.jpg 245w, https:\/\/www.museedelhistoire.ca\/musee-virtuel-de-la-nouvelle-france\/files\/2011\/06\/Nouvelle-France_5_5_Int\u00e9rieur-de-maison-Horatio-Walker--225x137.jpg 225w, https:\/\/www.museedelhistoire.ca\/musee-virtuel-de-la-nouvelle-france\/files\/2011\/06\/Nouvelle-France_5_5_Int\u00e9rieur-de-maison-Horatio-Walker--62x37.jpg 62w, https:\/\/www.museedelhistoire.ca\/musee-virtuel-de-la-nouvelle-france\/files\/2011\/06\/Nouvelle-France_5_5_Int\u00e9rieur-de-maison-Horatio-Walker--106x64.jpg 106w, https:\/\/www.museedelhistoire.ca\/musee-virtuel-de-la-nouvelle-france\/files\/2011\/06\/Nouvelle-France_5_5_Int\u00e9rieur-de-maison-Horatio-Walker--490x299.jpg 490w, https:\/\/www.museedelhistoire.ca\/musee-virtuel-de-la-nouvelle-france\/files\/2011\/06\/Nouvelle-France_5_5_Int\u00e9rieur-de-maison-Horatio-Walker--195x119.jpg 195w, https:\/\/www.museedelhistoire.ca\/musee-virtuel-de-la-nouvelle-france\/files\/2011\/06\/Nouvelle-France_5_5_Int\u00e9rieur-de-maison-Horatio-Walker--132x80.jpg 132w, https:\/\/www.museedelhistoire.ca\/musee-virtuel-de-la-nouvelle-france\/files\/2011\/06\/Nouvelle-France_5_5_Int\u00e9rieur-de-maison-Horatio-Walker-.jpg 700w\" sizes=\"(max-width: 500px) 100vw, 500px\" \/><\/a><p class=\"wp-caption-text\"><span>Int\u00e9rieur de maison canadienne<\/span><\/p><\/div>\n<p>Dans cet article, on pr\u00e9sente les diff\u00e9rents aspects de l\u2019habitat domestique \u00e0 l\u2019\u00e9poque de la Nouvelle-France. En se basant sur les recherches arch\u00e9ologiques men\u00e9es ces derni\u00e8res ann\u00e9es en Am\u00e9rique du Nord ainsi que sur les documents d\u2019archives, on d\u00e9couvre les divers types de b\u00e2timents qui ont \u00e9t\u00e9 construits dans la vall\u00e9e du Saint-Laurent, en Acadie et en Louisiane. Si elles sont souvent qualifi\u00e9es au moyen du seul adjectif \u00ab\u00a0colonial\u00a0\u00bb, en r\u00e9alit\u00e9, les habitations en Nouvelle-France affichent des caract\u00e9ristiques diff\u00e9rentes selon l\u2019\u00e9poque, la classe sociale et le lieu de construction.<\/p>\n","protected":false},"excerpt":{"rendered":"<p>Lorsque des colons arrivent en Nouvelle-France, l\u2019une de leurs premi\u00e8res pr\u00e9occupations est de se doter d&rsquo;un toit. L\u2019environnement, les conditions climatiques, les mat\u00e9riaux disponibles et leurs propres ressources p\u00e9cuniaires sont des facteurs qui dictent le type d\u2019habitat qu\u2019il est possible de construire. De constructions simples visant \u00e0 assurer le besoin primaire de se loger, les [&hellip;]<\/p>\n","protected":false},"author":6,"featured_media":0,"parent":312,"menu_order":10,"comment_status":"open","ping_status":"open","template":"","meta":{"footnotes":""},"_links":{"self":[{"href":"https:\/\/www.museedelhistoire.ca\/musee-virtuel-de-la-nouvelle-france\/wp-json\/wp\/v2\/pages\/432"}],"collection":[{"href":"https:\/\/www.museedelhistoire.ca\/musee-virtuel-de-la-nouvelle-france\/wp-json\/wp\/v2\/pages"}],"about":[{"href":"https:\/\/www.museedelhistoire.ca\/musee-virtuel-de-la-nouvelle-france\/wp-json\/wp\/v2\/types\/page"}],"author":[{"embeddable":true,"href":"https:\/\/www.museedelhistoire.ca\/musee-virtuel-de-la-nouvelle-france\/wp-json\/wp\/v2\/users\/6"}],"replies":[{"embeddable":true,"href":"https:\/\/www.museedelhistoire.ca\/musee-virtuel-de-la-nouvelle-france\/wp-json\/wp\/v2\/comments?post=432"}],"version-history":[{"count":57,"href":"https:\/\/www.museedelhistoire.ca\/musee-virtuel-de-la-nouvelle-france\/wp-json\/wp\/v2\/pages\/432\/revisions"}],"predecessor-version":[{"id":4793,"href":"https:\/\/www.museedelhistoire.ca\/musee-virtuel-de-la-nouvelle-france\/wp-json\/wp\/v2\/pages\/432\/revisions\/4793"}],"up":[{"embeddable":true,"href":"https:\/\/www.museedelhistoire.ca\/musee-virtuel-de-la-nouvelle-france\/wp-json\/wp\/v2\/pages\/312"}],"wp:attachment":[{"href":"https:\/\/www.museedelhistoire.ca\/musee-virtuel-de-la-nouvelle-france\/wp-json\/wp\/v2\/media?parent=432"}],"curies":[{"name":"wp","href":"https:\/\/api.w.org\/{rel}","templated":true}]}}