{"id":434,"date":"2011-04-07T20:33:05","date_gmt":"2011-04-07T20:33:05","guid":{"rendered":"https:\/\/www.museedelhistoire.ca\/musee-virtuel-de-la-nouvelle-france\/"},"modified":"2012-08-27T10:09:58","modified_gmt":"2012-08-27T14:09:58","slug":"sciences","status":"publish","type":"page","link":"https:\/\/www.museedelhistoire.ca\/musee-virtuel-de-la-nouvelle-france\/vie-quotidienne\/sciences\/","title":{"rendered":"Sciences"},"content":{"rendered":"<p>Au moment o\u00f9 les Fran\u00e7ais s\u2019implantent en sol am\u00e9ricain, la science au sens moderne du mot n\u2019en est qu\u2019\u00e0 ses d\u00e9buts.\u00a0 On parle encore de \u00ab\u00a0philosophie naturelle\u00a0\u00bb pour d\u00e9crire l&rsquo;\u00e9tude objective de la nature et de l&rsquo;univers physique.\u00a0 C\u2019est pourtant une v\u00e9ritable r\u00e9volution scientifique\u00a0et technique qui s\u2019op\u00e8re aux XVIe-XVIIIe si\u00e8cles.\u00a0 Les savants europ\u00e9ens entreprennent de d\u00e9velopper des m\u00e9thodes d&rsquo;investigation rigoureuses, v\u00e9rifiables et reproductibles.\u00a0 Ils publient abondamment.\u00a0 Ils consolident leurs disciplines et s\u2019institutionnalisent\u00a0: \u00e0 Paris, on fonde le Jardin du roi et l\u2019Acad\u00e9mie royale des sciences.<\/p>\n<div id=\"attachment_4376\" class=\"wp-caption aligncenter\" style=\"width:439px\"><a class=\"popup-gallery-opener group-5_6\" href=\"https:\/\/www.museedelhistoire.ca\/musee-virtuel-de-la-nouvelle-france\/files\/2012\/04\/Nouvelle-France_5_6_T\u00e9lescope.jpg\" data-title=\"<strong>T\u00e9lescope, 1736-1748<\/strong><br \/><div class='credit'> Mus\u00e9e des sciences et de la technologie du canada. No d\u2019acc. 820351<\/div>\"><img loading=\"lazy\" decoding=\"async\" src=\"https:\/\/www.museedelhistoire.ca\/musee-virtuel-de-la-nouvelle-france\/files\/2012\/04\/Nouvelle-France_5_6_T\u00e9lescope-439x500.jpg\" alt=\"T\u00e9lescope, 1736-1748\" width=\"439\" height=\"500\" class=\"size-large wp-image-4376\" srcset=\"https:\/\/www.museedelhistoire.ca\/musee-virtuel-de-la-nouvelle-france\/files\/2012\/04\/Nouvelle-France_5_6_T\u00e9lescope-439x500.jpg 439w, https:\/\/www.museedelhistoire.ca\/musee-virtuel-de-la-nouvelle-france\/files\/2012\/04\/Nouvelle-France_5_6_T\u00e9lescope-150x170.jpg 150w, https:\/\/www.museedelhistoire.ca\/musee-virtuel-de-la-nouvelle-france\/files\/2012\/04\/Nouvelle-France_5_6_T\u00e9lescope-225x256.jpg 225w, https:\/\/www.museedelhistoire.ca\/musee-virtuel-de-la-nouvelle-france\/files\/2012\/04\/Nouvelle-France_5_6_T\u00e9lescope-62x70.jpg 62w, https:\/\/www.museedelhistoire.ca\/musee-virtuel-de-la-nouvelle-france\/files\/2012\/04\/Nouvelle-France_5_6_T\u00e9lescope-106x120.jpg 106w, https:\/\/www.museedelhistoire.ca\/musee-virtuel-de-la-nouvelle-france\/files\/2012\/04\/Nouvelle-France_5_6_T\u00e9lescope-490x557.jpg 490w, https:\/\/www.museedelhistoire.ca\/musee-virtuel-de-la-nouvelle-france\/files\/2012\/04\/Nouvelle-France_5_6_T\u00e9lescope-195x221.jpg 195w, https:\/\/www.museedelhistoire.ca\/musee-virtuel-de-la-nouvelle-france\/files\/2012\/04\/Nouvelle-France_5_6_T\u00e9lescope-132x150.jpg 132w, https:\/\/www.museedelhistoire.ca\/musee-virtuel-de-la-nouvelle-france\/files\/2012\/04\/Nouvelle-France_5_6_T\u00e9lescope.jpg 659w\" sizes=\"(max-width: 439px) 100vw, 439px\" \/><\/a><p class=\"wp-caption-text\"><span>T\u00e9lescope, 1736-1748<\/span><\/p><\/div>\n<p>Le Nouveau-Monde repr\u00e9sente bien entendu un sujet d\u2019\u00e9tude privil\u00e9gi\u00e9 pour ces hommes qui cherchent \u00e0 expliquer et classifier l\u2019univers physique.\u00a0\u00a0 Les observations astronomiques rev\u00eatent une importance fondamentale de prime abord, car c\u2019est sur elles que les navigateurs doivent se fier pour tenter de d\u00e9terminer leur longitude.\u00a0 Pour se rendre \u00e0 bon port, on doit observer les astres et inventer des instruments.\u00a0 Pour explorer et revendiquer un territoire, on doit faire des progr\u00e8s cartographiques.<\/p>\n<p>Les missionnaires j\u00e9suites, premier groupe organis\u00e9 \u00e0 avoir une formation pouss\u00e9e dans la colonie, consignent eux aussi leurs observations non seulement des cieux, mais aussi sur les ressources min\u00e9rales, v\u00e9g\u00e9tales et animales.\u00a0 \u00c0 leur suite, des physiciens et ing\u00e9nieurs royaux font de m\u00eame.\u00a0 Quelques gouverneurs s\u2019improvisent eux-m\u00eames savants.\u00a0 Ces hommes se tiennent au courant des d\u00e9veloppements scientifiques europ\u00e9ens et entretiennent une correspondance f\u00e9conde avec leurs homologues de l\u2019autre c\u00f4t\u00e9 de l\u2019oc\u00e9an.\u00a0 La couronne fran\u00e7aise finance m\u00eame la visite d\u2019un botaniste su\u00e9dois au Canada.\u00a0\u00a0 La colonisation contribue ainsi \u00e0 l\u2019avancement du savoir.<\/p>\n","protected":false},"excerpt":{"rendered":"<p>Au moment o\u00f9 les Fran\u00e7ais s\u2019implantent en sol am\u00e9ricain, la science au sens moderne du mot n\u2019en est qu\u2019\u00e0 ses d\u00e9buts.\u00a0 On parle encore de \u00ab\u00a0philosophie naturelle\u00a0\u00bb pour d\u00e9crire l&rsquo;\u00e9tude objective de la nature et de l&rsquo;univers physique.\u00a0 C\u2019est pourtant une v\u00e9ritable r\u00e9volution scientifique\u00a0et technique qui s\u2019op\u00e8re aux XVIe-XVIIIe si\u00e8cles.\u00a0 Les savants europ\u00e9ens entreprennent de [&hellip;]<\/p>\n","protected":false},"author":6,"featured_media":0,"parent":312,"menu_order":12,"comment_status":"open","ping_status":"open","template":"","meta":{"footnotes":""},"_links":{"self":[{"href":"https:\/\/www.museedelhistoire.ca\/musee-virtuel-de-la-nouvelle-france\/wp-json\/wp\/v2\/pages\/434"}],"collection":[{"href":"https:\/\/www.museedelhistoire.ca\/musee-virtuel-de-la-nouvelle-france\/wp-json\/wp\/v2\/pages"}],"about":[{"href":"https:\/\/www.museedelhistoire.ca\/musee-virtuel-de-la-nouvelle-france\/wp-json\/wp\/v2\/types\/page"}],"author":[{"embeddable":true,"href":"https:\/\/www.museedelhistoire.ca\/musee-virtuel-de-la-nouvelle-france\/wp-json\/wp\/v2\/users\/6"}],"replies":[{"embeddable":true,"href":"https:\/\/www.museedelhistoire.ca\/musee-virtuel-de-la-nouvelle-france\/wp-json\/wp\/v2\/comments?post=434"}],"version-history":[{"count":50,"href":"https:\/\/www.museedelhistoire.ca\/musee-virtuel-de-la-nouvelle-france\/wp-json\/wp\/v2\/pages\/434\/revisions"}],"predecessor-version":[{"id":4859,"href":"https:\/\/www.museedelhistoire.ca\/musee-virtuel-de-la-nouvelle-france\/wp-json\/wp\/v2\/pages\/434\/revisions\/4859"}],"up":[{"embeddable":true,"href":"https:\/\/www.museedelhistoire.ca\/musee-virtuel-de-la-nouvelle-france\/wp-json\/wp\/v2\/pages\/312"}],"wp:attachment":[{"href":"https:\/\/www.museedelhistoire.ca\/musee-virtuel-de-la-nouvelle-france\/wp-json\/wp\/v2\/media?parent=434"}],"curies":[{"name":"wp","href":"https:\/\/api.w.org\/{rel}","templated":true}]}}