{"id":496,"date":"2011-04-08T19:40:46","date_gmt":"2011-04-08T19:40:46","guid":{"rendered":"https:\/\/www.museedelhistoire.ca\/musee-virtuel-de-la-nouvelle-france\/"},"modified":"2011-06-13T15:35:56","modified_gmt":"2011-06-13T19:35:56","slug":"introduction","status":"publish","type":"page","link":"https:\/\/www.museedelhistoire.ca\/musee-virtuel-de-la-nouvelle-france\/introduction\/","title":{"rendered":"Introduction"},"content":{"rendered":"<p>La Nouvelle-France : comment dresser un portrait fid\u00e8le d\u2019un ensemble aussi vaste, sans craindre de laisser de c\u00f4t\u00e9 des pans entiers de son histoire? C\u2019est le d\u00e9fi que nous nous sommes lanc\u00e9 en renouvelant ce mus\u00e9e virtuel. Deux grands objectifs ont guid\u00e9 notre d\u00e9marche. D\u2019abord, \u00e9tendre la port\u00e9e de l&rsquo;exposition de fa\u00e7on \u00e0 embrasser la Nouvelle-France dans sa totalit\u00e9, de l\u2019Acadie \u00e0 la Louisiane, en passant par le Canada et les Pays d\u2019en haut. Ensuite, pr\u00e9senter un large \u00e9ventail des facettes de l\u2019exp\u00e9rience coloniale fran\u00e7aise. Pour ce faire, nous avons \u00e9tabli cinq grands th\u00e8mes\u00a0: colonies et empires, population, vie quotidienne, activit\u00e9s \u00e9conomiques et h\u00e9ritage.<\/p>\n<p>Ces th\u00e8mes principaux se subdivisent en une vari\u00e9t\u00e9 de rubriques que le lecteur pourra tout \u00e0 loisir explorer, comme l\u2019alimentation, la sant\u00e9, les divertissements, les conflits ou encore les sciences. Pr\u00e9par\u00e9s en collaboration avec un \u00e9ventail de sp\u00e9cialistes et mariant les savoirs historiques et arch\u00e9ologiques, les articles pr\u00e9sent\u00e9s s\u2019appuient sur les plus r\u00e9centes recherches et perspectives.<\/p>\n<p>Afin de fournir au lecteur une vue pr\u00e9cise des sp\u00e9cificit\u00e9s de la Nouvelle-France et des facteurs qui ont influ\u00e9 sur sa destin\u00e9e, nous n\u2019avons pas h\u00e9sit\u00e9 \u00e0 d\u00e9border de ses fronti\u00e8res spatiales et temporelles. La Nouvelle-France du XVI<sup>e<\/sup> au XVIII<sup>e<\/sup> si\u00e8cle, en effet, s\u2019ins\u00e8re dans des contextes beaucoup plus larges\u00a0: celui de l\u2019expansion europ\u00e9enne, celui de la rencontre avec les Am\u00e9rindiens, celui des souches de la francophonie d\u2019Am\u00e9rique.<\/p>\n<div id=\"attachment_2237\" class=\"wp-caption aligncenter\" style=\"width:500px\"><a class=\"popup-gallery-opener group-1\" href=\"https:\/\/www.museedelhistoire.ca\/musee-virtuel-de-la-nouvelle-france\/files\/2011\/06\/Nouvelle-France_1_Cadran-solaire-portatif-avec-boussole.jpg\" data-title=\"<strong>Cadran solaire et boussole de poche, vers 1750<\/strong><br \/>Fabriqu\u00e9 vers 1750 par Pierre Le Maire \u00e0 Paris, ce cadran solaire de poche avec boussole int\u00e9gr\u00e9e fut utilis\u00e9 par un officier fran\u00e7ais lors de la Guerre de Sept Ans.  La longitude et la latitude de douze villes et postes de la Nouvelle-France, y compris Qu\u00e9bec et Louisbourg, furent grav\u00e9e sur son revers.<div class='credit'> MCG 20080079-011 \u00a9 Mus\u00e9e canadien de la guerre<\/div>\"><img loading=\"lazy\" decoding=\"async\" class=\"size-large wp-image-2237\" title=\"Cadran solaire et boussole de poche, vers 1750 | Mus\u00e9e canadien de la guerre, MCG 20080079-011\" src=\"https:\/\/www.museedelhistoire.ca\/musee-virtuel-de-la-nouvelle-france\/files\/2011\/06\/Nouvelle-France_1_Cadran-solaire-portatif-avec-boussole-500x314.jpg\" alt=\"Cadran solaire et boussole de poche, vers 1750\" width=\"500\" height=\"314\" srcset=\"https:\/\/www.museedelhistoire.ca\/musee-virtuel-de-la-nouvelle-france\/files\/2011\/06\/Nouvelle-France_1_Cadran-solaire-portatif-avec-boussole-500x314.jpg 500w, https:\/\/www.museedelhistoire.ca\/musee-virtuel-de-la-nouvelle-france\/files\/2011\/06\/Nouvelle-France_1_Cadran-solaire-portatif-avec-boussole-238x150.jpg 238w, https:\/\/www.museedelhistoire.ca\/musee-virtuel-de-la-nouvelle-france\/files\/2011\/06\/Nouvelle-France_1_Cadran-solaire-portatif-avec-boussole-225x141.jpg 225w, https:\/\/www.museedelhistoire.ca\/musee-virtuel-de-la-nouvelle-france\/files\/2011\/06\/Nouvelle-France_1_Cadran-solaire-portatif-avec-boussole-62x38.jpg 62w, https:\/\/www.museedelhistoire.ca\/musee-virtuel-de-la-nouvelle-france\/files\/2011\/06\/Nouvelle-France_1_Cadran-solaire-portatif-avec-boussole-106x66.jpg 106w, https:\/\/www.museedelhistoire.ca\/musee-virtuel-de-la-nouvelle-france\/files\/2011\/06\/Nouvelle-France_1_Cadran-solaire-portatif-avec-boussole-490x308.jpg 490w, https:\/\/www.museedelhistoire.ca\/musee-virtuel-de-la-nouvelle-france\/files\/2011\/06\/Nouvelle-France_1_Cadran-solaire-portatif-avec-boussole-195x122.jpg 195w, https:\/\/www.museedelhistoire.ca\/musee-virtuel-de-la-nouvelle-france\/files\/2011\/06\/Nouvelle-France_1_Cadran-solaire-portatif-avec-boussole-132x83.jpg 132w, https:\/\/www.museedelhistoire.ca\/musee-virtuel-de-la-nouvelle-france\/files\/2011\/06\/Nouvelle-France_1_Cadran-solaire-portatif-avec-boussole.jpg 725w\" sizes=\"(max-width: 500px) 100vw, 500px\" \/><\/a><p class=\"wp-caption-text\"><span>Cadran solaire et boussole de poche, vers 1750<\/span><\/p><\/div>\n<div style=\"width: 1px; height: 1px; overflow: hidden;\">&lt;!&#8211;[if gte mso 9]&gt; Normal 0 false false false EN-CA X-NONE X-NONE MicrosoftInternetExplorer4 &lt;![endif]&#8211;&gt;&lt;!&#8211;[if gte mso 9]&gt; &lt;![endif]&#8211;&gt;<!--[if gte mso 10]&gt; &lt;!   \/* Style Definitions *\/  table.MsoNormalTable \t{mso-style-name:&quot;Table Normal&quot;; \tmso-tstyle-rowband-size:0; \tmso-tstyle-colband-size:0; \tmso-style-noshow:yes; \tmso-style-priority:99; \tmso-style-qformat:yes; \tmso-style-parent:&quot;&quot;; \tmso-padding-alt:0cm 5.4pt 0cm 5.4pt; \tmso-para-margin:0cm; \tmso-para-margin-bottom:.0001pt; \tmso-pagination:widow-orphan; \tfont-size:11.0pt; \tfont-family:&quot;Calibri&quot;,&quot;sans-serif&quot;; \tmso-ascii-font-family:Calibri; \tmso-ascii-theme-font:minor-latin; \tmso-fareast-font-family:&quot;Times New Roman&quot;; \tmso-fareast-theme-font:minor-fareast; \tmso-hansi-font-family:Calibri; \tmso-hansi-theme-font:minor-latin; \tmso-bidi-font-family:&quot;Times New Roman&quot;; \tmso-bidi-theme-font:minor-bidi;} --> &lt;!&#8211;[endif]&#8211;&gt;<span lang=\"EN-GB\">All of America was fertile ground for European botanists who regularly received shipments of plant and seed specimens from the colonies that they later exchanged with one another. In 1772, Antoine Nicolas Duchesne, botanist-gardener at the gardens of Trianon in Versailles, presented Louis XV with a natural history of squash illustrated with over 360 colour plates on the genus <span>Cucurbita (pepo) L.<\/span>. The Mus\u00e9um d\u2019histoire naturelle de Paris recently published, for the first time, the entire essay along with all of the plates in a bilingual edition by Harry S. Paris, <span>Les dessins d\u2019Antoine Nicolas Duchesne pour son histoire naturelle des courges<\/span>, Publications Scientifiques du Mus\u00e9um, Paris, 2007. <\/span><\/div>\n","protected":false},"excerpt":{"rendered":"<p>La Nouvelle-France : comment dresser un portrait fid\u00e8le d\u2019un ensemble aussi vaste, sans craindre de laisser de c\u00f4t\u00e9 des pans entiers de son histoire? C\u2019est le d\u00e9fi que nous nous sommes lanc\u00e9 en renouvelant ce mus\u00e9e virtuel. Deux grands objectifs ont guid\u00e9 notre d\u00e9marche. D\u2019abord, \u00e9tendre la port\u00e9e de l&rsquo;exposition de fa\u00e7on \u00e0 embrasser la [&hellip;]<\/p>\n","protected":false},"author":6,"featured_media":1190,"parent":0,"menu_order":2,"comment_status":"open","ping_status":"open","template":"","meta":{"footnotes":""},"_links":{"self":[{"href":"https:\/\/www.museedelhistoire.ca\/musee-virtuel-de-la-nouvelle-france\/wp-json\/wp\/v2\/pages\/496"}],"collection":[{"href":"https:\/\/www.museedelhistoire.ca\/musee-virtuel-de-la-nouvelle-france\/wp-json\/wp\/v2\/pages"}],"about":[{"href":"https:\/\/www.museedelhistoire.ca\/musee-virtuel-de-la-nouvelle-france\/wp-json\/wp\/v2\/types\/page"}],"author":[{"embeddable":true,"href":"https:\/\/www.museedelhistoire.ca\/musee-virtuel-de-la-nouvelle-france\/wp-json\/wp\/v2\/users\/6"}],"replies":[{"embeddable":true,"href":"https:\/\/www.museedelhistoire.ca\/musee-virtuel-de-la-nouvelle-france\/wp-json\/wp\/v2\/comments?post=496"}],"version-history":[{"count":129,"href":"https:\/\/www.museedelhistoire.ca\/musee-virtuel-de-la-nouvelle-france\/wp-json\/wp\/v2\/pages\/496\/revisions"}],"predecessor-version":[{"id":505,"href":"https:\/\/www.museedelhistoire.ca\/musee-virtuel-de-la-nouvelle-france\/wp-json\/wp\/v2\/pages\/496\/revisions\/505"}],"wp:featuredmedia":[{"embeddable":true,"href":"https:\/\/www.museedelhistoire.ca\/musee-virtuel-de-la-nouvelle-france\/wp-json\/wp\/v2\/media\/1190"}],"wp:attachment":[{"href":"https:\/\/www.museedelhistoire.ca\/musee-virtuel-de-la-nouvelle-france\/wp-json\/wp\/v2\/media?parent=496"}],"curies":[{"name":"wp","href":"https:\/\/api.w.org\/{rel}","templated":true}]}}