{"id":844,"date":"2011-04-20T13:33:20","date_gmt":"2011-04-20T13:33:20","guid":{"rendered":"https:\/\/www.museedelhistoire.ca\/musee-virtuel-de-la-nouvelle-france\/"},"modified":"2015-10-01T08:55:33","modified_gmt":"2015-10-01T12:55:33","slug":"guerres-et-rivalites-imperiales","status":"publish","type":"page","link":"https:\/\/www.museedelhistoire.ca\/musee-virtuel-de-la-nouvelle-france\/colonies-et-empires\/guerres-et-rivalites-imperiales\/","title":{"rendered":"Guerres et rivalit\u00e9s imp\u00e9riales"},"content":{"rendered":"<p>La Nouvelle-France fut constamment l\u2019objet de contestation, soit par les populations autochtones, soit par les grandes puissances europ\u00e9ennes. On conna\u00eet bien le d\u00e9nouement de la concurrence imp\u00e9riale&nbsp;: en 1763, au terme de la guerre de Sept Ans, la France signe le trait\u00e9 de Paris par lequel elle abandonne le Canada et son int\u00e9rieur \u00e0 la Grande-Bretagne; quant aux vastes territoires de la Louisiane \u00e0 l\u2019ouest du Mississippi, ils sont c\u00e9d\u00e9s \u00e0 l\u2019Espagne. Les guerres ant\u00e9rieures \u00e0 la chute de la Nouvelle-France ne furent pas moins d\u00e9terminantes pour son d\u00e9veloppement.<\/p>\n<div id=\"attachment_4327\" class=\"wp-caption aligncenter\" style=\"width:500px\"><a class=\"popup-gallery-opener group-2_7\" href=\"https:\/\/www.museedelhistoire.ca\/musee-virtuel-de-la-nouvelle-france\/files\/2012\/04\/Nouvelle-France_2_7_Mortier-Louisbourg.jpg\" data-title=\"<strong>Mortier de Louisbourg, fondu vers 1750-1756<\/strong><br \/>Ce mortier de fonte fran\u00e7ais, pesant pr\u00e8s de quatre tonnes, a jadis prot\u00e9g\u00e9 les remparts de la forteresse de Louisbourg.  Apr\u00e8s la capture de ce port par les britanniques en 1758, ce mortier fut transport\u00e9 \u00e0 Halifax o\u00f9 il est demeur\u00e9 jusqu\u2019\u00e0 son transfert au Mus\u00e9e canadien de la guerre il y a une soixantaine d\u2019ann\u00e9es.<div class='credit'> MCG 19430003-001 \u00a9 Mus\u00e9e canadien de la guerre<\/div>\"><img loading=\"lazy\" decoding=\"async\" src=\"https:\/\/www.museedelhistoire.ca\/musee-virtuel-de-la-nouvelle-france\/files\/2012\/04\/Nouvelle-France_2_7_Mortier-Louisbourg-500x327.jpg\" alt=\"Mortier de Louisbourg, fondu vers 1750-1756\" width=\"500\" height=\"327\" class=\"size-large wp-image-4327\" srcset=\"https:\/\/www.museedelhistoire.ca\/musee-virtuel-de-la-nouvelle-france\/files\/2012\/04\/Nouvelle-France_2_7_Mortier-Louisbourg-500x327.jpg 500w, https:\/\/www.museedelhistoire.ca\/musee-virtuel-de-la-nouvelle-france\/files\/2012\/04\/Nouvelle-France_2_7_Mortier-Louisbourg-150x98.jpg 150w, https:\/\/www.museedelhistoire.ca\/musee-virtuel-de-la-nouvelle-france\/files\/2012\/04\/Nouvelle-France_2_7_Mortier-Louisbourg-225x147.jpg 225w, https:\/\/www.museedelhistoire.ca\/musee-virtuel-de-la-nouvelle-france\/files\/2012\/04\/Nouvelle-France_2_7_Mortier-Louisbourg-62x40.jpg 62w, https:\/\/www.museedelhistoire.ca\/musee-virtuel-de-la-nouvelle-france\/files\/2012\/04\/Nouvelle-France_2_7_Mortier-Louisbourg-106x69.jpg 106w, https:\/\/www.museedelhistoire.ca\/musee-virtuel-de-la-nouvelle-france\/files\/2012\/04\/Nouvelle-France_2_7_Mortier-Louisbourg-490x321.jpg 490w, https:\/\/www.museedelhistoire.ca\/musee-virtuel-de-la-nouvelle-france\/files\/2012\/04\/Nouvelle-France_2_7_Mortier-Louisbourg-195x127.jpg 195w, https:\/\/www.museedelhistoire.ca\/musee-virtuel-de-la-nouvelle-france\/files\/2012\/04\/Nouvelle-France_2_7_Mortier-Louisbourg-132x86.jpg 132w, https:\/\/www.museedelhistoire.ca\/musee-virtuel-de-la-nouvelle-france\/files\/2012\/04\/Nouvelle-France_2_7_Mortier-Louisbourg.jpg 700w\" sizes=\"(max-width: 500px) 100vw, 500px\" \/><\/a><p class=\"wp-caption-text\"><span>Mortier de Louisbourg, fondu vers 1750-1756<\/span><\/p><\/div>\n<p>La pr\u00e9sente \u00e9tude examine la dimension conflictuelle de la pr\u00e9sence fran\u00e7aise en Am\u00e9rique du Nord. Les guerres europ\u00e9ennes ont jou\u00e9 un r\u00f4le capital dans le d\u00e9veloppement des colonies. Aux guerres civiles, qui freinent les premi\u00e8res tentatives d\u2019implantation, succ\u00e8de la lutte entre la France et la Grande-Bretagne. Au d\u00e9but du XVIII<sup>e<\/sup> si\u00e8cle, cette lutte imp\u00e9riale deviendra l\u2019un des principaux moteurs du d\u00e9veloppement colonial. La Nouvelle-France se fera v\u00e9ritable bastion de l\u2019empire.<\/p>\n<p>En parall\u00e8le, l\u2019opposition des populations autochtones \u00e0 l\u2019expansion des r\u00e9seaux d\u2019alliance des Fran\u00e7ais entra\u00eenera de multiples conflits. Les Iroquois s\u2019opposeront longtemps, et avec succ\u00e8s, aux colons de la vall\u00e9e du Saint-Laurent. \u00c0 l\u2019int\u00e9rieur du continent, les Renards, les Natchez et les Chicachas s\u2019av\u00e8reront des adversaires tout aussi farouches. C\u2019est en retra\u00e7ant le d\u00e9roulement et les r\u00e9percussions de ces nombreux conflits que l\u2019on d\u00e9couvre le profil des soldats, des miliciens et des indispensables alli\u00e9s autochtones sur qui reposait la d\u00e9fense de la colonie.<\/p>\n","protected":false},"excerpt":{"rendered":"<p>La Nouvelle-France fut constamment l\u2019objet de contestation, soit par les populations autochtones, soit par les grandes puissances europ\u00e9ennes. On conna\u00eet bien le d\u00e9nouement de la concurrence imp\u00e9riale&nbsp;: en 1763, au terme de la guerre de Sept Ans, la France signe le trait\u00e9 de Paris par lequel elle abandonne le Canada et son int\u00e9rieur \u00e0 la [&hellip;]<\/p>\n","protected":false},"author":15,"featured_media":0,"parent":298,"menu_order":6,"comment_status":"closed","ping_status":"closed","template":"","meta":{"footnotes":""},"_links":{"self":[{"href":"https:\/\/www.museedelhistoire.ca\/musee-virtuel-de-la-nouvelle-france\/wp-json\/wp\/v2\/pages\/844"}],"collection":[{"href":"https:\/\/www.museedelhistoire.ca\/musee-virtuel-de-la-nouvelle-france\/wp-json\/wp\/v2\/pages"}],"about":[{"href":"https:\/\/www.museedelhistoire.ca\/musee-virtuel-de-la-nouvelle-france\/wp-json\/wp\/v2\/types\/page"}],"author":[{"embeddable":true,"href":"https:\/\/www.museedelhistoire.ca\/musee-virtuel-de-la-nouvelle-france\/wp-json\/wp\/v2\/users\/15"}],"replies":[{"embeddable":true,"href":"https:\/\/www.museedelhistoire.ca\/musee-virtuel-de-la-nouvelle-france\/wp-json\/wp\/v2\/comments?post=844"}],"version-history":[{"count":5,"href":"https:\/\/www.museedelhistoire.ca\/musee-virtuel-de-la-nouvelle-france\/wp-json\/wp\/v2\/pages\/844\/revisions"}],"predecessor-version":[{"id":4988,"href":"https:\/\/www.museedelhistoire.ca\/musee-virtuel-de-la-nouvelle-france\/wp-json\/wp\/v2\/pages\/844\/revisions\/4988"}],"up":[{"embeddable":true,"href":"https:\/\/www.museedelhistoire.ca\/musee-virtuel-de-la-nouvelle-france\/wp-json\/wp\/v2\/pages\/298"}],"wp:attachment":[{"href":"https:\/\/www.museedelhistoire.ca\/musee-virtuel-de-la-nouvelle-france\/wp-json\/wp\/v2\/media?parent=844"}],"curies":[{"name":"wp","href":"https:\/\/api.w.org\/{rel}","templated":true}]}}