{"id":860,"date":"2011-04-20T13:42:56","date_gmt":"2011-04-20T13:42:56","guid":{"rendered":"https:\/\/www.museedelhistoire.ca\/musee-virtuel-de-la-nouvelle-france\/"},"modified":"2011-10-24T17:20:25","modified_gmt":"2011-10-24T21:20:25","slug":"pecheries","status":"publish","type":"page","link":"https:\/\/www.museedelhistoire.ca\/musee-virtuel-de-la-nouvelle-france\/activites-economiques\/pecheries\/","title":{"rendered":"P\u00eacheries"},"content":{"rendered":"<p>Bien avant la traite des fourrures, il y a eu la p\u00eache saisonni\u00e8re. D\u00e8s le tout d\u00e9but du XVI<sup>e<\/sup> si\u00e8cle, des hommes venus de Normandie, de Bretagne, voire du pays basque fr\u00e9quentent les bancs de Terre\u2011Neuve pour y p\u00eacher la morue et chasser la baleine. Ainsi, vers 1550, quelque 500\u00a0navires quittent la France pour voguer vers ces eaux o\u00f9 abonde le poisson.<\/p>\n<div id=\"attachment_2053\" class=\"wp-caption aligncenter\" style=\"width:500px\"><a class=\"popup-gallery-opener group-3_2\" href=\"https:\/\/www.museedelhistoire.ca\/musee-virtuel-de-la-nouvelle-france\/files\/2011\/04\/Nouvelle-France_3_2_Rade-de-Perc\u00e9e.jpg\" data-title=\"<strong>Rade de l'Isle Perc\u00e9e, 1686<\/strong><br \/><div class='credit'> Cartes et plans, GE SH 18E PF 125 DIV 05 P 01, Biblioth\u00e8que nationale de France<\/div>\"><img loading=\"lazy\" decoding=\"async\" class=\"size-large wp-image-2053\" title=\"Rade de l'Isle Perc\u00e9e, 1686 | Cartes et plans, GE SH 18E PF 125 DIV 05 P 01, Biblioth\u00e8que nationale de France\" src=\"https:\/\/www.museedelhistoire.ca\/musee-virtuel-de-la-nouvelle-france\/files\/2011\/04\/Nouvelle-France_3_2_Rade-de-Perc\u00e9e-500x273.jpg\" alt=\"Rade de l'Isle Perc\u00e9e, 1686\" width=\"500\" height=\"273\" srcset=\"https:\/\/www.museedelhistoire.ca\/musee-virtuel-de-la-nouvelle-france\/files\/2011\/04\/Nouvelle-France_3_2_Rade-de-Perc\u00e9e-500x273.jpg 500w, https:\/\/www.museedelhistoire.ca\/musee-virtuel-de-la-nouvelle-france\/files\/2011\/04\/Nouvelle-France_3_2_Rade-de-Perc\u00e9e-274x150.jpg 274w, https:\/\/www.museedelhistoire.ca\/musee-virtuel-de-la-nouvelle-france\/files\/2011\/04\/Nouvelle-France_3_2_Rade-de-Perc\u00e9e-225x123.jpg 225w, https:\/\/www.museedelhistoire.ca\/musee-virtuel-de-la-nouvelle-france\/files\/2011\/04\/Nouvelle-France_3_2_Rade-de-Perc\u00e9e-62x33.jpg 62w, https:\/\/www.museedelhistoire.ca\/musee-virtuel-de-la-nouvelle-france\/files\/2011\/04\/Nouvelle-France_3_2_Rade-de-Perc\u00e9e-106x57.jpg 106w, https:\/\/www.museedelhistoire.ca\/musee-virtuel-de-la-nouvelle-france\/files\/2011\/04\/Nouvelle-France_3_2_Rade-de-Perc\u00e9e-490x268.jpg 490w, https:\/\/www.museedelhistoire.ca\/musee-virtuel-de-la-nouvelle-france\/files\/2011\/04\/Nouvelle-France_3_2_Rade-de-Perc\u00e9e-195x106.jpg 195w, https:\/\/www.museedelhistoire.ca\/musee-virtuel-de-la-nouvelle-france\/files\/2011\/04\/Nouvelle-France_3_2_Rade-de-Perc\u00e9e-132x72.jpg 132w, https:\/\/www.museedelhistoire.ca\/musee-virtuel-de-la-nouvelle-france\/files\/2011\/04\/Nouvelle-France_3_2_Rade-de-Perc\u00e9e.jpg 700w\" sizes=\"(max-width: 500px) 100vw, 500px\" \/><\/a><p class=\"wp-caption-text\"><span>Rade de l'Isle Perc\u00e9e, 1686<\/span><\/p><\/div>\n<p>Peter Pope rappelle les diff\u00e9rentes \u00e9tapes de l\u2019histoire de la p\u00eache, telle que la pratiquaient les Fran\u00e7ais \u00e0 l\u2019\u00e9poque de la Nouvelle-France, depuis les premi\u00e8res exp\u00e9ditions jusqu\u2019\u00e0 l\u2019installation de communaut\u00e9s de p\u00eacheurs basques et bretons le long des c\u00f4tes ouest et nord de Terre-Neuve ainsi que sur l\u2019archipel de Saint-Pierre-et-Miquelon, communaut\u00e9s qui ensemble form\u00e8rent, \u00e0 partir de 1662, la colonie royale de Plaisance.<\/p>\n<p>Apr\u00e8s avoir expos\u00e9 les nombreuses richesses halieutiques pr\u00e9sentes en Am\u00e9rique du Nord, l\u2019auteur d\u00e9crit les diff\u00e9rents lieux de p\u00eache et les strat\u00e9gies utilis\u00e9es pour attraper la morue et les moyens mis en \u0153uvre pour assurer sa conservation. La p\u00eache repr\u00e9sente un secteur tr\u00e8s actif de l\u2019\u00e9conomie aux XVI<sup>e<\/sup>, XVII<sup>e<\/sup> et XVIII<sup>e<\/sup> si\u00e8cles, notamment en raison du calendrier liturgique de l\u2019\u00c9glise catholique. Au moment de signer le Trait\u00e9 de Paris en 1763, la France conserve des zones de p\u00eache dans la r\u00e9gion.<\/p>\n","protected":false},"excerpt":{"rendered":"<p>Bien avant la traite des fourrures, il y a eu la p\u00eache saisonni\u00e8re. D\u00e8s le tout d\u00e9but du XVIe si\u00e8cle, des hommes venus de Normandie, de Bretagne, voire du pays basque fr\u00e9quentent les bancs de Terre\u2011Neuve pour y p\u00eacher la morue et chasser la baleine. Ainsi, vers 1550, quelque 500\u00a0navires quittent la France pour voguer [&hellip;]<\/p>\n","protected":false},"author":15,"featured_media":0,"parent":300,"menu_order":1,"comment_status":"open","ping_status":"open","template":"","meta":{"footnotes":""},"_links":{"self":[{"href":"https:\/\/www.museedelhistoire.ca\/musee-virtuel-de-la-nouvelle-france\/wp-json\/wp\/v2\/pages\/860"}],"collection":[{"href":"https:\/\/www.museedelhistoire.ca\/musee-virtuel-de-la-nouvelle-france\/wp-json\/wp\/v2\/pages"}],"about":[{"href":"https:\/\/www.museedelhistoire.ca\/musee-virtuel-de-la-nouvelle-france\/wp-json\/wp\/v2\/types\/page"}],"author":[{"embeddable":true,"href":"https:\/\/www.museedelhistoire.ca\/musee-virtuel-de-la-nouvelle-france\/wp-json\/wp\/v2\/users\/15"}],"replies":[{"embeddable":true,"href":"https:\/\/www.museedelhistoire.ca\/musee-virtuel-de-la-nouvelle-france\/wp-json\/wp\/v2\/comments?post=860"}],"version-history":[{"count":11,"href":"https:\/\/www.museedelhistoire.ca\/musee-virtuel-de-la-nouvelle-france\/wp-json\/wp\/v2\/pages\/860\/revisions"}],"predecessor-version":[{"id":1065,"href":"https:\/\/www.museedelhistoire.ca\/musee-virtuel-de-la-nouvelle-france\/wp-json\/wp\/v2\/pages\/860\/revisions\/1065"}],"up":[{"embeddable":true,"href":"https:\/\/www.museedelhistoire.ca\/musee-virtuel-de-la-nouvelle-france\/wp-json\/wp\/v2\/pages\/300"}],"wp:attachment":[{"href":"https:\/\/www.museedelhistoire.ca\/musee-virtuel-de-la-nouvelle-france\/wp-json\/wp\/v2\/media?parent=860"}],"curies":[{"name":"wp","href":"https:\/\/api.w.org\/{rel}","templated":true}]}}