{"id":12,"date":"2012-11-14T20:41:29","date_gmt":"2012-11-14T20:41:29","guid":{"rendered":"https:\/\/www.museedelhistoire.ca\/vodou\/?page_id=12"},"modified":"2013-01-15T19:01:03","modified_gmt":"2013-01-15T19:01:03","slug":"evenements-et-activites","status":"publish","type":"page","link":"https:\/\/www.museedelhistoire.ca\/vodou\/evenements-et-activites","title":{"rendered":"\u00c9v\u00e9nements et activit\u00e9s"},"content":{"rendered":"","protected":false},"excerpt":{"rendered":"","protected":false},"author":1,"featured_media":0,"parent":0,"menu_order":1,"comment_status":"open","ping_status":"open","template":"tpl-cultural-events.php","meta":{"footnotes":""},"_links":{"self":[{"href":"https:\/\/www.museedelhistoire.ca\/vodou\/wp-json\/wp\/v2\/pages\/12"}],"collection":[{"href":"https:\/\/www.museedelhistoire.ca\/vodou\/wp-json\/wp\/v2\/pages"}],"about":[{"href":"https:\/\/www.museedelhistoire.ca\/vodou\/wp-json\/wp\/v2\/types\/page"}],"author":[{"embeddable":true,"href":"https:\/\/www.museedelhistoire.ca\/vodou\/wp-json\/wp\/v2\/users\/1"}],"replies":[{"embeddable":true,"href":"https:\/\/www.museedelhistoire.ca\/vodou\/wp-json\/wp\/v2\/comments?post=12"}],"version-history":[{"count":6,"href":"https:\/\/www.museedelhistoire.ca\/vodou\/wp-json\/wp\/v2\/pages\/12\/revisions"}],"predecessor-version":[{"id":85,"href":"https:\/\/www.museedelhistoire.ca\/vodou\/wp-json\/wp\/v2\/pages\/12\/revisions\/85"}],"wp:attachment":[{"href":"https:\/\/www.museedelhistoire.ca\/vodou\/wp-json\/wp\/v2\/media?parent=12"}],"curies":[{"name":"wp","href":"https:\/\/api.w.org\/{rel}","templated":true}]}}