{"id":27,"date":"2012-11-14T21:05:44","date_gmt":"2012-11-14T21:05:44","guid":{"rendered":"https:\/\/www.museedelhistoire.ca\/vodou\/?page_id=27"},"modified":"2012-12-13T20:10:16","modified_gmt":"2012-12-13T20:10:16","slug":"le-vodou-therapeutique","status":"publish","type":"page","link":"https:\/\/www.museedelhistoire.ca\/vodou\/le-vodou-therapeutique","title":{"rendered":"Le vodou th\u00e9rapeutique"},"content":{"rendered":"<p><img loading=\"lazy\" decoding=\"async\" class=\"alignright\" style=\"margin-left: 40px;\" title=\"Le vodou th\u00e9rapeutique \u00a9 Mus\u00e9e canadien des civilisations, Marie-Louise Deruaz\" src=\"https:\/\/www.museedelhistoire.ca\/vodou\/files\/2012\/11\/content-img_therapie.png\" alt=\"Le vodou th\u00e9rapeutique\" width=\"320\" height=\"270\" \/>Un jour, l\u2019\u00e9quilibre se rompt\u00a0: maladie, \u00e9chec professionnel, perte financi\u00e8re, crise familiale ou conflit communautaire. On demande alors aux <em>Iwa<\/em>, fr\u00e9quemment appel\u00e9s \u00e0 rendre service aux humains, d\u2019intervenir en faveur d\u2019une personne en d\u00e9tresse. C\u2019est ce que les vodouisants entendent par pratiquer la <em>maji<\/em>.<\/p>\n<p>Les praticiens de la <em>maji<\/em> proc\u00e8dent \u00e0 des traitements pour soigner ou prot\u00e9ger les gens qui viennent les consulter, dans une pi\u00e8ce particuli\u00e8re qu\u2019on appelle <em>badji<\/em>. Le praticien convoque alors un <em>Iwa<\/em> qu\u2019il sait efficace dans les circonstances afin d\u2019entamer avec lui un dialogue. Le <em>lwa<\/em> peut \u00e9galement prendre possession du corps du praticien afin d\u2019investiguer lui-m\u00eame la situation. Selon la cause du mal, le <em>lwa<\/em> d\u00e9cide du traitement appropri\u00e9 afin d\u2019atteindre un nouvel \u00e9quilibre.<\/p>\n<p>&nbsp;<\/p>\n","protected":false},"excerpt":{"rendered":"<p>Un jour, l\u2019\u00e9quilibre se rompt\u00a0: maladie, \u00e9chec professionnel, perte financi\u00e8re, crise familiale ou conflit communautaire. On demande alors aux Iwa, fr\u00e9quemment appel\u00e9s \u00e0 rendre service aux humains, d\u2019intervenir en faveur d\u2019une personne en d\u00e9tresse. C\u2019est ce que les vodouisants entendent par pratiquer la maji. Les praticiens de la maji proc\u00e8dent \u00e0 des traitements pour soigner [&hellip;]<\/p>\n","protected":false},"author":1,"featured_media":0,"parent":0,"menu_order":4,"comment_status":"open","ping_status":"open","template":"tpl-page-vodou.php","meta":{"footnotes":""},"_links":{"self":[{"href":"https:\/\/www.museedelhistoire.ca\/vodou\/wp-json\/wp\/v2\/pages\/27"}],"collection":[{"href":"https:\/\/www.museedelhistoire.ca\/vodou\/wp-json\/wp\/v2\/pages"}],"about":[{"href":"https:\/\/www.museedelhistoire.ca\/vodou\/wp-json\/wp\/v2\/types\/page"}],"author":[{"embeddable":true,"href":"https:\/\/www.museedelhistoire.ca\/vodou\/wp-json\/wp\/v2\/users\/1"}],"replies":[{"embeddable":true,"href":"https:\/\/www.museedelhistoire.ca\/vodou\/wp-json\/wp\/v2\/comments?post=27"}],"version-history":[{"count":5,"href":"https:\/\/www.museedelhistoire.ca\/vodou\/wp-json\/wp\/v2\/pages\/27\/revisions"}],"predecessor-version":[{"id":83,"href":"https:\/\/www.museedelhistoire.ca\/vodou\/wp-json\/wp\/v2\/pages\/27\/revisions\/83"}],"wp:attachment":[{"href":"https:\/\/www.museedelhistoire.ca\/vodou\/wp-json\/wp\/v2\/media?parent=27"}],"curies":[{"name":"wp","href":"https:\/\/api.w.org\/{rel}","templated":true}]}}