{"id":29,"date":"2012-11-14T21:06:54","date_gmt":"2012-11-14T21:06:54","guid":{"rendered":"https:\/\/www.museedelhistoire.ca\/vodou\/?page_id=29"},"modified":"2013-08-02T11:37:04","modified_gmt":"2013-08-02T11:37:04","slug":"ce-que-les-visiteurs-de-vodou-pensent-de-l-exposition","status":"publish","type":"page","link":"https:\/\/www.museedelhistoire.ca\/vodou\/ce-que-les-visiteurs-de-vodou-pensent-de-l-exposition","title":{"rendered":"Ce que les visiteurs de Vodou pensent de l&rsquo;exposition"},"content":{"rendered":"<p><em>\u00ab&nbsp;Quelle magnifique approche \u00e0 la mort et \u00e0 son commencement.&nbsp;\u00bb<\/em>&nbsp;&nbsp;&nbsp;<strong>Aurore<\/strong><\/p>\n<p><em>\u00ab&nbsp;Je quitte cette exposition avec une grande joie et une paix int\u00e9rieures. J\u2019ai un immense respect pour votre religion, ainsi que pour votre culture. Elle m\u00e9rite d\u2019\u00eatre partag\u00e9e partout dans le monde et sa pratique devrait \u00eatre plus respect\u00e9e.&nbsp;\u00bb<\/em>&nbsp;&nbsp;&nbsp;<strong>Angelica<\/strong><\/p>\n<p><em>\u00ab&nbsp;Exposition tr\u00e8s int\u00e9ressante. \u00c0 conseiller vivement!&nbsp;\u00bb<\/em>&nbsp;&nbsp;&nbsp;<strong>Magda<\/strong><\/p>\n<p><em>\u00ab&nbsp;Chasser les tabous sur le vodou, voil\u00e0 un pari que r\u00e9ussit l\u2019exposition. L\u2019\u00e9l\u00e9ment le plus int\u00e9ressant de la visite est la dimension anthropologique : toutes les religions se ressemblent. Il y a dans l\u2019exposition une belle dimension humaniste universelle.&nbsp;\u00bb<\/em>&nbsp;&nbsp;&nbsp;<strong>Nicolas<\/strong><\/p>\n<p><em>\u00ab&nbsp;Merci aux vodouisants d\u2019avoir le courage de partager leur riche culture qui en dise long sur l\u2019histoire du peuple ha\u00eftien et de son chemin vers l\u2019ind\u00e9pendance en d\u00e9pit des interdits. Je ressors de cette exposition avec une compr\u00e9hension et une appr\u00e9ciation du vodou que je n\u2019avais pas auparavant. Merci!&nbsp;\u00bb<\/em>&nbsp;&nbsp;&nbsp;<strong>Elly<\/strong><\/p>\n<p><em>\u00ab&nbsp;Nous avons beaucoup aim\u00e9 votre exposition, votre ouverture d\u2019esprit, votre mani\u00e8re de vous exprimer. Nous avons beaucoup mieux compris ce qu\u2019est le vodouisme et maintenant nous avons une meilleure image ou id\u00e9e de ce que le vodou repr\u00e9sente pour vous. Nous vous remercions d\u2019avoir accept\u00e9 de partager votre culture et vos valeurs avec nous. Gr\u00e2ce \u00e0 vous nous avons appris sur une autre culture tr\u00e8s int\u00e9ressante, riche en croyance et simplement magnifique.&nbsp;\u00bb<\/em>&nbsp;&nbsp;&nbsp;<strong>B\u00e9atrice et Gabrielle<\/strong><\/p>\n","protected":false},"excerpt":{"rendered":"<p>\u00ab&nbsp;Quelle magnifique approche \u00e0 la mort et \u00e0 son commencement.&nbsp;\u00bb&nbsp;&nbsp;&nbsp;Aurore \u00ab&nbsp;Je quitte cette exposition avec une grande joie et une paix int\u00e9rieures. J\u2019ai un immense respect pour votre religion, ainsi que pour votre culture. Elle m\u00e9rite d\u2019\u00eatre partag\u00e9e partout dans le monde et sa pratique devrait \u00eatre plus respect\u00e9e.&nbsp;\u00bb&nbsp;&nbsp;&nbsp;Angelica \u00ab&nbsp;Exposition tr\u00e8s int\u00e9ressante. \u00c0 conseiller vivement!&nbsp;\u00bb&nbsp;&nbsp;&nbsp;Magda [&hellip;]<\/p>\n","protected":false},"author":1,"featured_media":0,"parent":0,"menu_order":5,"comment_status":"open","ping_status":"open","template":"tpl-page-vodou.php","meta":{"footnotes":""},"_links":{"self":[{"href":"https:\/\/www.museedelhistoire.ca\/vodou\/wp-json\/wp\/v2\/pages\/29"}],"collection":[{"href":"https:\/\/www.museedelhistoire.ca\/vodou\/wp-json\/wp\/v2\/pages"}],"about":[{"href":"https:\/\/www.museedelhistoire.ca\/vodou\/wp-json\/wp\/v2\/types\/page"}],"author":[{"embeddable":true,"href":"https:\/\/www.museedelhistoire.ca\/vodou\/wp-json\/wp\/v2\/users\/1"}],"replies":[{"embeddable":true,"href":"https:\/\/www.museedelhistoire.ca\/vodou\/wp-json\/wp\/v2\/comments?post=29"}],"version-history":[{"count":6,"href":"https:\/\/www.museedelhistoire.ca\/vodou\/wp-json\/wp\/v2\/pages\/29\/revisions"}],"predecessor-version":[{"id":89,"href":"https:\/\/www.museedelhistoire.ca\/vodou\/wp-json\/wp\/v2\/pages\/29\/revisions\/89"}],"wp:attachment":[{"href":"https:\/\/www.museedelhistoire.ca\/vodou\/wp-json\/wp\/v2\/media?parent=29"}],"curies":[{"name":"wp","href":"https:\/\/api.w.org\/{rel}","templated":true}]}}