{"id":31,"date":"2012-11-14T21:08:21","date_gmt":"2012-11-14T21:08:21","guid":{"rendered":"https:\/\/www.museedelhistoire.ca\/vodou\/?page_id=31"},"modified":"2016-03-08T13:43:12","modified_gmt":"2016-03-08T13:43:12","slug":"en-savoir-plus","status":"publish","type":"page","link":"https:\/\/www.museedelhistoire.ca\/vodou\/en-savoir-plus","title":{"rendered":"En savoir plus"},"content":{"rendered":"<p><img loading=\"lazy\" decoding=\"async\" class=\"alignleft size-full wp-image-132\" style=\"margin-left: 20px; margin-right: 20px;\" title=\"Vodou, Mauro Peressini et Rachel Beauvoir-Dominique\" src=\"https:\/\/www.museedelhistoire.ca\/vodou\/files\/2012\/11\/content-img_guide-FR.png\" alt=\"Vodou, Mauro Peressini et Rachel Beauvoir-Dominique\" width=\"120\" height=\"120\" \/><\/p>\n<p><strong>Compl\u00e9tez l\u2019exp\u00e9rience!<\/strong><\/p>\n<p><strong>Procurez-vous le guide souvenir VODOU<br \/>\ndans la cyberboutique<br \/>\ndu Mus\u00e9e canadien des civilisations.<\/strong><\/p>\n<h2>Autres ressources<\/h2>\n<p><a title=\"Feuillet d'accompagnement\" href=\"\/vodou\/files\/2012\/12\/vodou-feuillet-accompagnement.pdf\" target=\"_blank\"><img loading=\"lazy\" decoding=\"async\" class=\"alignleft size-full wp-image-158\" style=\"margin-left: 20px; margin-right: 20px;\" title=\"Feuillet d'accompagnement\" src=\"https:\/\/www.museedelhistoire.ca\/vodou\/files\/2012\/11\/feuillet-spread.png\" alt=\"\" width=\"120\" height=\"120\" \/><\/a><\/p>\n<p><strong>Feuillet d&rsquo;accompagnement<\/strong><\/p>\n<p><a title=\"Feuillet d'accompagnement\" href=\"\/vodou\/files\/2012\/12\/vodou-feuillet-accompagnement.pdf\" target=\"_blank\"><strong>T\u00e9l\u00e9chargez le feuillet d&rsquo;accompagnement<\/strong><\/a><\/p>\n<p><strong style=\"display: block; clear: both;\">Pour vous familiariser avec le vocabulaire cr\u00e9ole du vodou ha\u00eftien!<\/strong><\/p>\n<p><a title=\"Glossaire Vodou\" href=\"wp-content\/themes\/vodou\/images\/Vodou_glossaire.pdf\" target=\"_blank\">T\u00e9l\u00e9chargez le glossaire vodou<\/a><\/p>\n<h2>Cr\u00e9dits photos<\/h2>\n<p>Page d\u2019accueil : \u00a9 FPVPOCH. Photo Johnathan Watts, MEG<br \/>\nPage la possession (gauche) : Dara Larfeuil-Peressini<br \/>\nToutes les autres photos : Mus\u00e9e canadien des civilisations, Mauro Peressini<\/p>\n","protected":false},"excerpt":{"rendered":"<p>Compl\u00e9tez l\u2019exp\u00e9rience! Procurez-vous le guide souvenir VODOU dans la cyberboutique du Mus\u00e9e canadien des civilisations. Autres ressources Feuillet d&rsquo;accompagnement T\u00e9l\u00e9chargez le feuillet d&rsquo;accompagnement Pour vous familiariser avec le vocabulaire cr\u00e9ole du vodou ha\u00eftien! T\u00e9l\u00e9chargez le glossaire vodou Cr\u00e9dits photos Page d\u2019accueil : \u00a9 FPVPOCH. Photo Johnathan Watts, MEG Page la possession (gauche) : Dara Larfeuil-Peressini [&hellip;]<\/p>\n","protected":false},"author":1,"featured_media":0,"parent":0,"menu_order":6,"comment_status":"open","ping_status":"open","template":"tpl-page-vodou-thin.php","meta":{"footnotes":""},"_links":{"self":[{"href":"https:\/\/www.museedelhistoire.ca\/vodou\/wp-json\/wp\/v2\/pages\/31"}],"collection":[{"href":"https:\/\/www.museedelhistoire.ca\/vodou\/wp-json\/wp\/v2\/pages"}],"about":[{"href":"https:\/\/www.museedelhistoire.ca\/vodou\/wp-json\/wp\/v2\/types\/page"}],"author":[{"embeddable":true,"href":"https:\/\/www.museedelhistoire.ca\/vodou\/wp-json\/wp\/v2\/users\/1"}],"replies":[{"embeddable":true,"href":"https:\/\/www.museedelhistoire.ca\/vodou\/wp-json\/wp\/v2\/comments?post=31"}],"version-history":[{"count":6,"href":"https:\/\/www.museedelhistoire.ca\/vodou\/wp-json\/wp\/v2\/pages\/31\/revisions"}],"predecessor-version":[{"id":91,"href":"https:\/\/www.museedelhistoire.ca\/vodou\/wp-json\/wp\/v2\/pages\/31\/revisions\/91"}],"wp:attachment":[{"href":"https:\/\/www.museedelhistoire.ca\/vodou\/wp-json\/wp\/v2\/media?parent=31"}],"curies":[{"name":"wp","href":"https:\/\/api.w.org\/{rel}","templated":true}]}}