{"id":9,"date":"2012-11-14T20:40:09","date_gmt":"2012-11-14T20:40:09","guid":{"rendered":"https:\/\/www.museedelhistoire.ca\/vodou\/?page_id=9"},"modified":"2012-11-14T20:40:09","modified_gmt":"2012-11-14T20:40:09","slug":"accueil","status":"publish","type":"page","link":"https:\/\/www.museedelhistoire.ca\/vodou\/","title":{"rendered":"Accueil"},"content":{"rendered":"<h1>Le vodou ha\u00eftien comme vous ne l&rsquo;avez jamais vu!<\/h1>\n<p>Oubliez Hollywood, les poup\u00e9es plant\u00e9es d\u2019\u00e9pingles, les sorciers et les zombis! D\u00e9couvrez plut\u00f4t un univers riche en histoire et en culture. Rencontrez les adeptes d\u2019une tradition spirituelle et d\u00e9couvrez leurs rites et leurs croyances.<\/p>\n<p>Pour la premi\u00e8re fois au Canada, voyagez dans cet univers m\u00e9connu et laissez-vous surprendre par l\u2019une des plus grandes collections d\u2019objets vodou au monde!<\/p>\n<p><em> Une exposition r\u00e9alis\u00e9e en collaboration avec la Fondation pour la pr\u00e9servation, la valorisation et la production d\u2019\u0153uvres culturelles ha\u00eftiennes (FPVPOCH), en partenariat avec le Mus\u00e9e d\u2019ethnographie de Gen\u00e8ve (Suisse) et le Tropenmuseum (Amsterdam, Pays-Bas). <\/em><\/p>\n","protected":false},"excerpt":{"rendered":"<p>Le vodou ha\u00eftien comme vous ne l&rsquo;avez jamais vu! Oubliez Hollywood, les poup\u00e9es plant\u00e9es d\u2019\u00e9pingles, les sorciers et les zombis! D\u00e9couvrez plut\u00f4t un univers riche en histoire et en culture. Rencontrez les adeptes d\u2019une tradition spirituelle et d\u00e9couvrez leurs rites et leurs croyances. Pour la premi\u00e8re fois au Canada, voyagez dans cet univers m\u00e9connu et [&hellip;]<\/p>\n","protected":false},"author":1,"featured_media":0,"parent":0,"menu_order":1,"comment_status":"open","ping_status":"open","template":"tpl-home-vodou.php","meta":{"footnotes":""},"_links":{"self":[{"href":"https:\/\/www.museedelhistoire.ca\/vodou\/wp-json\/wp\/v2\/pages\/9"}],"collection":[{"href":"https:\/\/www.museedelhistoire.ca\/vodou\/wp-json\/wp\/v2\/pages"}],"about":[{"href":"https:\/\/www.museedelhistoire.ca\/vodou\/wp-json\/wp\/v2\/types\/page"}],"author":[{"embeddable":true,"href":"https:\/\/www.museedelhistoire.ca\/vodou\/wp-json\/wp\/v2\/users\/1"}],"replies":[{"embeddable":true,"href":"https:\/\/www.museedelhistoire.ca\/vodou\/wp-json\/wp\/v2\/comments?post=9"}],"version-history":[{"count":2,"href":"https:\/\/www.museedelhistoire.ca\/vodou\/wp-json\/wp\/v2\/pages\/9\/revisions"}],"predecessor-version":[{"id":33,"href":"https:\/\/www.museedelhistoire.ca\/vodou\/wp-json\/wp\/v2\/pages\/9\/revisions\/33"}],"wp:attachment":[{"href":"https:\/\/www.museedelhistoire.ca\/vodou\/wp-json\/wp\/v2\/media?parent=9"}],"curies":[{"name":"wp","href":"https:\/\/api.w.org\/{rel}","templated":true}]}}